{"id":1181,"date":"2020-03-24T11:29:36","date_gmt":"2020-03-24T11:29:36","guid":{"rendered":"https:\/\/fotobraun.de\/?page_id=1181"},"modified":"2020-04-06T11:59:27","modified_gmt":"2020-04-06T11:59:27","slug":"1181-2","status":"publish","type":"page","link":"https:\/\/fotobraun.de\/?page_id=1181","title":{"rendered":"Aktion mindestens 30% auf alle Bilddaten"},"content":{"rendered":"<p>Aus aktuellem Anlass darf ich Dir heute tolle Aktionen anbieten.<\/p><p>Da wir nun  Zeit zuhause verbringen d\u00fcrfen, kann ich  f\u00fcr ein wenig Zeitvertreib sorgen.<\/p><p>Wir bieten Dir die Online Galerie f\u00fcr weitere 3 Monate kostenlos an.<\/p><p>Au\u00dferdem bekommst Du alle unbearbeiteten Daten zu einem au\u00dfergew\u00f6hnlichen <br> g\u00fcnstigen Einheitspreis von \u20ac139,- anstatt \u20ac 249,- oder 199,-.<\/p><p>Wenn Du aber lieber einzelne Bilddaten haben m\u00f6chtest, bekommst Du diese 30% g\u00fcnstiger.<\/p><p>F\u00fcr alle die im letzten Jahr ein Shooting bei uns im Atelier hatten, bieten wir an <br>\ndie Bilddaten( sofern verf\u00fcgbar ) erneut im einer Onlinegalerie zur Verf\u00fcgung zu stellen <br>\nund zwar f\u00fcr drei Monate.<\/p><p>Schreibe uns eine Email an: <a href=\"mailto:shop@fotobraun.de\">shop@fotobraun.de<\/a><\/p>","protected":false},"excerpt":{"rendered":"<p>Aus aktuellem Anlass darf ich Dir heute tolle Aktionen anbieten. Da wir nun Zeit zuhause verbringen d\u00fcrfen, kann ich f\u00fcr [&hellip;]<\/p>\n","protected":false},"author":1,"featured_media":0,"parent":0,"menu_order":0,"comment_status":"closed","ping_status":"closed","template":"","meta":{"site-sidebar-layout":"default","site-content-layout":"","ast-site-content-layout":"","site-content-style":"default","site-sidebar-style":"default","ast-global-header-display":"","ast-banner-title-visibility":"","ast-main-header-display":"","ast-hfb-above-header-display":"","ast-hfb-below-header-display":"","ast-hfb-mobile-header-display":"","site-post-title":"","ast-breadcrumbs-content":"","ast-featured-img":"","footer-sml-layout":"","theme-transparent-header-meta":"","adv-header-id-meta":"","stick-header-meta":"","header-above-stick-meta":"","header-main-stick-meta":"","header-below-stick-meta":"","astra-migrate-meta-layouts":"default","ast-page-background-enabled":"default","ast-page-background-meta":{"desktop":{"background-color":"var(--ast-global-color-4)","background-image":"","background-repeat":"repeat","background-position":"center center","background-size":"auto","background-attachment":"scroll","background-type":"","background-media":"","overlay-type":"","overlay-color":"","overlay-opacity":"","overlay-gradient":""},"tablet":{"background-color":"","background-image":"","background-repeat":"repeat","background-position":"center center","background-size":"auto","background-attachment":"scroll","background-type":"","background-media":"","overlay-type":"","overlay-color":"","overlay-opacity":"","overlay-gradient":""},"mobile":{"background-color":"","background-image":"","background-repeat":"repeat","background-position":"center center","background-size":"auto","background-attachment":"scroll","background-type":"","background-media":"","overlay-type":"","overlay-color":"","overlay-opacity":"","overlay-gradient":""}},"ast-content-background-meta":{"desktop":{"background-color":"var(--ast-global-color-5)","background-image":"","background-repeat":"repeat","background-position":"center center","background-size":"auto","background-attachment":"scroll","background-type":"","background-media":"","overlay-type":"","overlay-color":"","overlay-opacity":"","overlay-gradient":""},"tablet":{"background-color":"var(--ast-global-color-5)","background-image":"","background-repeat":"repeat","background-position":"center center","background-size":"auto","background-attachment":"scroll","background-type":"","background-media":"","overlay-type":"","overlay-color":"","overlay-opacity":"","overlay-gradient":""},"mobile":{"background-color":"var(--ast-global-color-5)","background-image":"","background-repeat":"repeat","background-position":"center center","background-size":"auto","background-attachment":"scroll","background-type":"","background-media":"","overlay-type":"","overlay-color":"","overlay-opacity":"","overlay-gradient":""}},"footnotes":""},"class_list":["post-1181","page","type-page","status-publish","hentry"],"_links":{"self":[{"href":"https:\/\/fotobraun.de\/index.php?rest_route=\/wp\/v2\/pages\/1181"}],"collection":[{"href":"https:\/\/fotobraun.de\/index.php?rest_route=\/wp\/v2\/pages"}],"about":[{"href":"https:\/\/fotobraun.de\/index.php?rest_route=\/wp\/v2\/types\/page"}],"author":[{"embeddable":true,"href":"https:\/\/fotobraun.de\/index.php?rest_route=\/wp\/v2\/users\/1"}],"replies":[{"embeddable":true,"href":"https:\/\/fotobraun.de\/index.php?rest_route=%2Fwp%2Fv2%2Fcomments&post=1181"}],"version-history":[{"count":5,"href":"https:\/\/fotobraun.de\/index.php?rest_route=\/wp\/v2\/pages\/1181\/revisions"}],"predecessor-version":[{"id":1248,"href":"https:\/\/fotobraun.de\/index.php?rest_route=\/wp\/v2\/pages\/1181\/revisions\/1248"}],"wp:attachment":[{"href":"https:\/\/fotobraun.de\/index.php?rest_route=%2Fwp%2Fv2%2Fmedia&parent=1181"}],"curies":[{"name":"wp","href":"https:\/\/api.w.org\/{rel}","templated":true}]}}