{"id":134,"date":"2018-05-17T07:59:39","date_gmt":"2018-05-17T07:59:39","guid":{"rendered":"http:\/\/braunfoto.de\/?page_id=134"},"modified":"2018-07-19T07:05:16","modified_gmt":"2018-07-19T07:05:16","slug":"faq-fragen-und-antworten","status":"publish","type":"page","link":"https:\/\/fotobraun.de\/?page_id=134","title":{"rendered":"FAQ &#8211; Fragen und Antworten"},"content":{"rendered":"<ol>\n<li><strong>Wie l\u00e4uft das generell mit einem Fotoshooting ?<\/strong>\u00a0Hier findest du Informationen zum <a href=\"http:\/\/braunfoto.de\/?page_id=343\">Ablauf<\/a><\/li>\n<li><strong>Wie bekomme ich einen Termin ?<\/strong>\u00a0Ruf einfach bei uns im Laden an und lass dir einen Termin geben. Gerne kannst du uns auch eine Email mit deinem Wunschtermin an <a href=\"mailto:shop@fotobraun.de\">shop@fotobraun.de<\/a> senden. Die freien Termine kannst du <a href=\"http:\/\/braunfoto.de\/?page_id=237\">hier einsehen<\/a>.<\/li>\n<li><strong>Kann ich die freien Termine online sehen ?<\/strong>\u00a0Die freien Termine kannst du <a href=\"http:\/\/braunfoto.de\/?page_id=237\">hier einsehen<\/a>.<\/li>\n<li><strong>Finden Shootings nur w\u00e4hrend der \u00d6ffnungszeiten des Ladens statt ?<\/strong> Nein, die Schootingtermine sind unabh\u00e4ngig von den \u00d6ffnungszeiten des Shop.<\/li>\n<li><strong>Wie lange vorher muss ich einen Termin vereinbaren ?\u00a0<\/strong>Wenn ein Termin frei ist geht es auch noch ein Tag vorher aber das ist eher die Ausnahme. Bei vielen Shootings muss auch eine Visagistin verf\u00fcgbar sein. Gut ist es den Termin mindestens zwei bis drei Wochen vorher zu vereinbaren.<\/li>\n<li><strong>Was sind die Optionen wenn keine Visagistin f\u00fcr meinen Termin verf\u00fcgbar ist oder diese kurzfristig krankheitshalber absagt ? <\/strong>Es gibt hier mehrere Optionen: 1. Termin ohne Zusatzkosten verschieben, 2. Auf die Visagistin verzichten und zwei Bilder im Format 20x30cm zus\u00e4tzlich bekommen oder 3. kostenloses Digital MakeUp f\u00fcr deine Inclusivebilder.<\/li>\n<li><strong>Wie l\u00e4uft mein Shootingtermin ab ? <\/strong>Unter Punkt 3 Shootingtermin\u00a0findest du Informationen zum <a href=\"http:\/\/braunfoto.de\/?page_id=343\">Ablauf<\/a><\/li>\n<li><strong>Kann ich einen Zuschauer zu meinem Shootingtermin mitbringen ?\u00a0<\/strong>Ein oder mehrere Zuschauer sind herzlich willkommen. Je nach Shooting f\u00e4llt daf\u00fcr eine Geb\u00fchr pro Person an. Ob das der Fall ist siehst du bei den Detalis deines Fotoshootings.<\/li>\n<li><strong>Kann ich Fotos mit meiner Begleitperson machen ? <\/strong>Ja, das ist eine buchbare Zusatoption <a href=\"http:\/\/braunfoto.de\/?page_id=443\">weitere Infos<\/a><\/li>\n<li><strong>Muss ich meine Outfits selbst mitbringen ?\u00a0<\/strong>Ja, deine Outfits musst du selbst mitbringen. Bei den Details deines Shootings findest du die Information wie viele Outfits fotografiert werden.<\/li>\n<li><strong>Wie soll ich meine Outfits zusammen stellen ?<\/strong> Oft kommen unsere Kunden mit einem Outfit sportlich, einem Outfit elegant und einem casual Outfit in der Lieblingskleidung.<\/li>\n<li><strong>Wie oft darf ich mich umziehen ?\u00a0<\/strong>Die Anzahl der Outfits findest du bei den Details deines Shootings.<\/li>\n<li><strong>Kann ich ein zus\u00e4tzliches Outfit ( \u00fcber die Anzahl der Outfits aus den Details deines Shooting hinaus ) fotografieren Lassen ?\u00a0<\/strong>Ja, das ist eine buchbare Zusatoption <a href=\"http:\/\/braunfoto.de\/?page_id=443\">weitere Infos<\/a><\/li>\n<li><strong>Soll ich mehr Kleidung als die angegebene Anzahl Outfits zur Auswahl mitbringen?<\/strong> Am besten du entscheidest dich vorher Zuhause, ganz in Ruhe in welchen Outfits du fotografiert werden willst. So gewinnst du mehr Zeit die deine Visagistin und Fotografin gut nutzen k\u00f6nnen.<\/li>\n<li><strong>Soll ich ungeschminkt zu meinem Shooting erscheinen?<\/strong> Am besten du kommst ungeschminkt oder 15 Minuten vorher und schminkst dich bei uns im Atelier ab bevor unsere Visagistin mit deinem MakeUp beginnt. Bitte beachte dazu auch Punkt 19.<\/li>\n<li><strong>Werden meine Augenbrauen gezupft ?<\/strong> Nein<\/li>\n<li><strong>Wird K\u00f6rpermakeup und das Abdecken von Tatoos und Narben gemacht ?<\/strong> Nein<\/li>\n<li><strong>Schminkt die Visagistin nach meiner Vorlage ?<\/strong> Dies ist aus Zeitgr\u00fcnden nur beim Star des Tages Fotoshooting m\u00f6glich.<\/li>\n<li><strong>Werde ich w\u00e4hrend dem Shooting nochmals umgeschminkt.\u00a0<\/strong>Bei den mei\u00dften Shootings nicht. Nur beim Star des Tages Fotoshooting wird das gemacht.<\/li>\n<li>\n<h2>Konventionelles Makeup oder digital makeup ?<\/h2>\n<p><strong>F\u00fcr ein konventionelles Makeup von unserer Visagistin spricht:<\/strong><\/p>\n<p>+ das Makeup ist auf allen Bildern vorhanden daher besonders geeignet f\u00fcr Shootings bei denen\u00a0du eine gro\u00dfe Anzahl an Bildern kaufen m\u00f6chtest.<\/p>\n<p><strong>F\u00fcr das digital Makeup spricht:<\/strong><\/p>\n<p>+ Zeitersparnis von ca. 30 Minuten die f\u00fcr ein l\u00e4ngeres Fotoshooting genutzt werden kann<\/p>\n<p>+ unabh\u00e4ngig bei der Terminwahl weil keine Visagistin gebucht werden muss<\/p>\n<p>+ Flexibilit\u00e4t bez\u00fcglich der St\u00e4rke\/Farbe des Makeup. Alle Faktoren des Makeup k\u00f6nnen hinterher individuell von Bild zu Bild eingestellt werden.<\/li>\n<li><strong>K\u00fcnstliche Wimpern ?<\/strong> Auf besondere Anfrage und nach Absprache rechtzeitig vor dem Shooting. ( Abrechnung \u00fcber Visagistin \u20ac 10,- )<\/li>\n<li><strong>Was bedeutet Haare auffrischen ? <\/strong>Nachgl\u00e4tten oder einzelne \u00a0Locken auffrischen. Final touchup vor dem Shooting. Es werden aus Zeitgr\u00fcnden keine Steckfrisuren, Flechtfrisuren oder F\u00f6hnfrisuren gemacht. Falls aufwendige Frisuren gew\u00fcnscht werden bitte fertig frisiert beim Shootingtermin erscheinen.<\/li>\n<li><strong>Was passiert wenn ich mich deutlich versp\u00e4te?\u00a0<\/strong>Die Visagistin steht f\u00fcr 30 Minuten ab Beginn deines Shootingtermins zur Verf\u00fcgung und hat in der Regel danach weitere Termine zu erf\u00fcllen. Solltest du dich versp\u00e4ten kann Sie unter Umst\u00e4nden nur noch ein &#8222;Blitz-Makeup&#8220; oder bei starker Versp\u00e4tung kein Makeup mehr machen. Solltest du dich noch mehr versp\u00e4ten wird dein Shooting gek\u00fcrzt bzw. es kann ab 1,5 Stunden Versp\u00e4tung unter Umst\u00e4nden gar nicht mehr durchgef\u00fchrt werden.<\/li>\n<li><strong>Kann ich erotische Aufnahmen machen lassen, obwohl mein Shooting keine erotische Aufnahmen beinhaltet ?\u00a0<\/strong>Ja, das ist eine buchbare Zusatoption <a href=\"http:\/\/braunfoto.de\/?page_id=443\">weitere Infos<\/a><\/li>\n<li><strong>Wie l\u00e4uft das mit der Bildauswahl ?\u00a0<\/strong>Die Antwort darauf findest du <a href=\"http:\/\/braunfoto.de\/?page_id=346\">hier<\/a><\/li>\n<li><strong>Wie viele Bilder bekomme ich mit ?\u00a0<\/strong>Die Anzahl der Bilder die bei deinem Shooting inclusive sind findest du bei den Details deines Shooting. Bei den meisten Shootings sind das folgende <a href=\"http:\/\/braunfoto.de\/?page_id=361\">Inclusivebilder<\/a><\/li>\n<li><strong>Ist eine CD mit allen Bildern meines Shootings im Shootingpreis enthalten ?<\/strong> Nein, das ist eine kostenpflichtige Zusatzoption\u00a0<a href=\"http:\/\/braunfoto.de\/?page_id=469\">weitere Infos<\/a> dazu<\/li>\n<li><strong>Kann ich eine CD mit allen Aufnahmen meines Shooting in voller Aufl\u00f6sung erwerben? <\/strong>Ja,das ist m\u00f6glich, Ja. Den Preis daf\u00fcr erh\u00e4lst du zusammen mit deinem Einladungslink zum online Archiv. Wenn du die Bilddaten aller deiner Bilder kaufst wirst du automatisch VIP-Kunde und kannst von den vielen Vorteilen f\u00fcr VIP&#8217;s profitieren.<a href=\"http:\/\/braunfoto.de\/?page_id=373\">wei<\/a><a href=\"http:\/\/braunfoto.de\/?page_id=373\">tere Infos\u00a0<\/a>dazu<\/li>\n<li><strong>Wie l\u00e4uft es mit den Dateien ab, bekomme ich die Bilder \u00fcber das Internet oder werden diese per Post versandt ?\u00a0<\/strong>Bilddateien die du kaufst bekommst du \u00fcber das Internet gesendet. Es fallen keine Versandkosten an. Abholung im Laden ist ebenfalls m\u00f6glich.<\/li>\n<li><strong>Was bedeutet Inclusivebilder ?\u00a0<\/strong>Das sind die Bilder die bei deinem Shooting im Preis enthalten sind.<\/li>\n<li><strong>Was ist ein Bilderset ?\u00a0<\/strong>Als Bilderset wird eine bestimmte Zusammenstellung von Bildern unterschidlicher Gr\u00f6\u00dfe von einem Motiv bezeichnet. Bei vielen unserer Shootings ist ein Bilderset mit 10 Bildern von einem Motiv dabei.<\/li>\n<li><strong>Was ist der Unterschied zwischen Bild, Foto, Abzug, Print und Motiv ?\u00a0<\/strong>Als Bild, Foto, Abzug oder Print wird ein ausgedrucktes Bild bezeichnet. Ein Motiv ist eine fotografierte Aufnahme. Von einem Motiv k\u00f6nnen viele Abz\u00fcge ( Prints, Fotos, Bilder ) gemacht werden.<\/li>\n<li><strong>Kann ich Bilder nur so zum ansehen bearbeiten lassen bevor ich diese bestelle ?\u00a0<\/strong>Die Bearbeitung der Bilder wird nur f\u00fcr die Bilder gemacht die auch verbindlich bestellt wurden. Dass hei\u00dft es ist nicht m\u00f6glich Bilder bearbeiten zu lassen und danach zu entscheiden ob du diese kaufen m\u00f6chtest.<\/li>\n<li><strong>Kann ich meinen gekauften Gutschen f\u00fcr ein Fotoshooting gegen ein anders Fotoshooting tauschen.\u00a0<\/strong>Ja, das ist m\u00f6glich. Wenn der neue Gutschein einen niedrigeren Wert hat, bekommst du f\u00fcr den Differenzbetrag einen Wertgutschein. Wenn du gegen ein Shooting mit h\u00f6herem Wert tauschen m\u00f6chtest musst du den Differenzbetrag bezahlen.<\/li>\n<li><strong>Wie lange habe ich Zeit meinen Gutschein einzul\u00f6sen ? Wann verf\u00e4llt der Gutschein ?\u00a0<\/strong>Sie k\u00f6nnen einen Termin zum Fotoshooting sofort vereinbaren oder auch sp\u00e4ter. Sie haben gen\u00fcgend Zeit zur Verf\u00fcgung, denn unsere Gutscheine verfallen erst nach 2 Jahren.<\/li>\n<li><strong>Kann ich meinen Fototermin verschieben? Wie sind die Stornobedingungen bei Fotoshootings ?\u00a0<\/strong>Ja, hier findest du <a href=\"http:\/\/braunfoto.de\/?page_id=364\">n\u00e4here Informationen<\/a> dazu.<\/li>\n<li><strong>Was ist der Unterschied zwischen Fotoshooting und Fotoreportage ?\u00a0<\/strong>Bei einem Fotoshooting gibt der Fotograf Regieanweisungen und sorgt damit f\u00fcr einen gelungenen Bildaufbau. Ebenso wird das Licht und der Hintergrund vom Fotografen gezielt eingesetzt. Bei einer Fotoreportage fotografiert der Fotograf ohne in das Geschehen einzugreifen wie z.B.: bei einer Hochzeit im Standesamt.<\/li>\n<li><strong>Wie kann ich meine Bildbestellung bezahlen ? <\/strong>Die Bezahlung erfolgt durch \u00dcberweisung auf unser Konto oder im Shop per Barzahlung oder EC falls du abholen m\u00f6chtest.<\/li>\n<li><strong>Kann ich Teilzahlungen vereinbaren ? <\/strong>Ist ein Kauf auf Raten m\u00f6glich ? Ja, \u00fcber unseren Partner Easycredit ist es m\u00f6glich Teilzahlung ab einer Kaufsumme von \u20ac 200,- zu vereinbaren.<\/li>\n<\/ol>\n<h4><strong>War deine Frage nicht dabei ?<\/strong><\/h4>\n<p>Schreibe uns eine <a href=\"mailto:ab@fotobraun.de\">Nachricht per Email<\/a> wenn du eine neue Frage f\u00fcr diese Seite hast.<\/p>\n<p>Wir sind dankbar f\u00fcr jede neue Frage.<\/p>\n","protected":false},"excerpt":{"rendered":"<p>Wie l\u00e4uft das generell mit einem Fotoshooting ?\u00a0Hier findest du Informationen zum Ablauf Wie bekomme ich einen Termin ?\u00a0Ruf einfach [&hellip;]<\/p>\n","protected":false},"author":1,"featured_media":0,"parent":0,"menu_order":0,"comment_status":"closed","ping_status":"closed","template":"","meta":{"site-sidebar-layout":"default","site-content-layout":"","ast-site-content-layout":"","site-content-style":"default","site-sidebar-style":"default","ast-global-header-display":"","ast-banner-title-visibility":"","ast-main-header-display":"","ast-hfb-above-header-display":"","ast-hfb-below-header-display":"","ast-hfb-mobile-header-display":"","site-post-title":"","ast-breadcrumbs-content":"","ast-featured-img":"","footer-sml-layout":"","theme-transparent-header-meta":"","adv-header-id-meta":"","stick-header-meta":"","header-above-stick-meta":"","header-main-stick-meta":"","header-below-stick-meta":"","astra-migrate-meta-layouts":"default","ast-page-background-enabled":"default","ast-page-background-meta":{"desktop":{"background-color":"var(--ast-global-color-4)","background-image":"","background-repeat":"repeat","background-position":"center center","background-size":"auto","background-attachment":"scroll","background-type":"","background-media":"","overlay-type":"","overlay-color":"","overlay-opacity":"","overlay-gradient":""},"tablet":{"background-color":"","background-image":"","background-repeat":"repeat","background-position":"center center","background-size":"auto","background-attachment":"scroll","background-type":"","background-media":"","overlay-type":"","overlay-color":"","overlay-opacity":"","overlay-gradient":""},"mobile":{"background-color":"","background-image":"","background-repeat":"repeat","background-position":"center center","background-size":"auto","background-attachment":"scroll","background-type":"","background-media":"","overlay-type":"","overlay-color":"","overlay-opacity":"","overlay-gradient":""}},"ast-content-background-meta":{"desktop":{"background-color":"var(--ast-global-color-5)","background-image":"","background-repeat":"repeat","background-position":"center center","background-size":"auto","background-attachment":"scroll","background-type":"","background-media":"","overlay-type":"","overlay-color":"","overlay-opacity":"","overlay-gradient":""},"tablet":{"background-color":"var(--ast-global-color-5)","background-image":"","background-repeat":"repeat","background-position":"center center","background-size":"auto","background-attachment":"scroll","background-type":"","background-media":"","overlay-type":"","overlay-color":"","overlay-opacity":"","overlay-gradient":""},"mobile":{"background-color":"var(--ast-global-color-5)","background-image":"","background-repeat":"repeat","background-position":"center center","background-size":"auto","background-attachment":"scroll","background-type":"","background-media":"","overlay-type":"","overlay-color":"","overlay-opacity":"","overlay-gradient":""}},"footnotes":""},"class_list":["post-134","page","type-page","status-publish","hentry"],"_links":{"self":[{"href":"https:\/\/fotobraun.de\/index.php?rest_route=\/wp\/v2\/pages\/134"}],"collection":[{"href":"https:\/\/fotobraun.de\/index.php?rest_route=\/wp\/v2\/pages"}],"about":[{"href":"https:\/\/fotobraun.de\/index.php?rest_route=\/wp\/v2\/types\/page"}],"author":[{"embeddable":true,"href":"https:\/\/fotobraun.de\/index.php?rest_route=\/wp\/v2\/users\/1"}],"replies":[{"embeddable":true,"href":"https:\/\/fotobraun.de\/index.php?rest_route=%2Fwp%2Fv2%2Fcomments&post=134"}],"version-history":[{"count":5,"href":"https:\/\/fotobraun.de\/index.php?rest_route=\/wp\/v2\/pages\/134\/revisions"}],"predecessor-version":[{"id":740,"href":"https:\/\/fotobraun.de\/index.php?rest_route=\/wp\/v2\/pages\/134\/revisions\/740"}],"wp:attachment":[{"href":"https:\/\/fotobraun.de\/index.php?rest_route=%2Fwp%2Fv2%2Fmedia&parent=134"}],"curies":[{"name":"wp","href":"https:\/\/api.w.org\/{rel}","templated":true}]}}