{"id":343,"date":"2018-05-23T19:52:49","date_gmt":"2018-05-23T19:52:49","guid":{"rendered":"http:\/\/braunfoto.de\/?page_id=343"},"modified":"2024-04-04T11:23:07","modified_gmt":"2024-04-04T11:23:07","slug":"zusatzoptionen","status":"publish","type":"page","link":"https:\/\/fotobraun.de\/?page_id=343","title":{"rendered":"Infos vor dem Shooting"},"content":{"rendered":"<div id=\"content\">\n<div id=\"w2dptabs184857a0e70841001\">\n<div class=\"w2dptablinks\">\n<h3>1. Shooting kaufen und Termin vereinbaren<\/h3>\n<div>Du kannst dein Shooting gleich hier in unserem Onlineshop ausw\u00e4hlen und einen Gutschein daf\u00fcr kaufen.<\/div>\n<\/div>\n<div id=\"w2dptab184857a0e70841001\" class=\"w2dptab\">\n<p>Termine kannst du gerne per <a href=\"mailto:shop@fotobraun.de\">Email<\/a> oder noch besser telefonisch unter 0176 435 433 48 mit uns vereinbaren.<\/p>\n<\/div>\n<p><strong>Schau dir die m\u00f6glichen <a href=\"https:\/\/fotobraun.de\/?product_cat=zusatzoptionen-beim-shooting\">Zusatzoptionen zum Shooting<\/a> genau an und entscheide welche du haben m\u00f6chtest.<\/strong><\/p>\n<\/div>\n<div id=\"w2dptabs184857a0e7088ca05\">\n<div class=\"w2dptablinks\">\n<hr \/>\n<h3>2. Vorbereitung zum Shooting<\/h3>\n<div>Je nachdem wie viele Outfits bei deinem Shooting dabei sind solltest du dir \u00fcberlegen was du zu deinem Shooting mitnehmen m\u00f6chtest.<\/div>\n<\/div>\n<div id=\"w2dptab184857a0e7088ca05\" class=\"w2dptab\">\n<p>Wenn du dir nicht ganz sicher bist, dann bring einfach etwas mehr mit. <b>Wir helfen dir gerne bei der Auswahl f\u00fcr ein perfektes Styling.<br \/>\n<\/b>Nicht vergessen solltest du: Schuhe oder Stiefel, Schmuck und Accesoires die deinen Look unterstreichen.<b> <\/b><\/p>\n<p>Am besten ist es jedoch du entscheidest dich vorher Zuhause, ganz in Ruhe in welchen Outfits du fotografiert werden willst. So gewinnst du Zeit die deine Visagistin und Fotografin gut nutzen k\u00f6nnen.<\/p>\n<\/div>\n<\/div>\n<div id=\"w2dptabs184857a0e708b2d06\">\n<div class=\"w2dptablinks\">\n<hr \/>\n<h3>3. Shootingtermin<\/h3>\n<\/div>\n<div id=\"w2dptab184857a0e708b2d06\" class=\"w2dptab\">\n<p>Bitte komme p\u00fcnktlich zu deinem Shootingtermin ins Atelier.<br \/>\nDie Adresse lautet: Br\u00fchlstra\u00dfe 6, 72555 Metzingen.<\/p>\n<p>Empfang und Besprechung mit der Fotografin, Auswahl deiner Outfits ( ca. 10 Min. )<\/p>\n<p>Je nach Shooting geht es dann mit dem Makeup weiter \u00a0( ca. 30 Min ) Dieser Punkt entf\u00e4llt wenn du dich f\u00fcr unser <a href=\"https:\/\/fotobraun.de\/?robo_gallery_table=digital-makeup-beispiele\">digital Makeup<\/a> entscheidest und es bleibt mehr Zeit f\u00fcr dein Shooting.<\/p>\n<p>Dein Shooting beginnt mit deinem ersten Outfit<\/p>\n<p>Nach dem Shooting in all deinen Outfits zeigt dir dein Fotograf die Bilder am Grossbildmonitor und bespricht mit dir die verschiedenen M\u00f6glichkeiten der Nachbearbeitung, hilft dir bei der Auswahl deiner Zusatzbilder und findet f\u00fcr dich den besten Preis f\u00fcr deine Nachbestellung.<\/p>\n<hr \/>\n<\/div>\n<\/div>\n<div id=\"w2dptabs184857a0e708b4807\">\n<div class=\"w2dptablinks\">\n<h3>4. Bildauswahl und online Archiv<\/h3>\n<\/div>\n<div id=\"w2dptab184857a0e708b4807\" class=\"w2dptab\">\n<p>Damit du gen\u00fcgend Zeit zur Auswahl deiner Lieblingsbilder hast, erstellen wir f\u00fcr dich eine Onlinegalerie. Du bekommst per Email deinen pers\u00f6nlichen Einladungslink und kannst damit deine Bilder von jedem Computer aus betrachten und im aller Ruhe ausw\u00e4hlen.<\/p>\n<p>Die Onlinegalerie ist selbstverst\u00e4ndlich gesch\u00fctzt und nur f\u00fcr dich sichtbar.<\/p>\n<p>Neben den Bilder die bei deinem Shooting schon mit dabei sind kannst du beliebig viele Bilder als Print oder als Bilddatei zus\u00e4tzlich erwerben.<\/p>\n<\/div>\n<\/div>\n<div id=\"w2dptabs184857a0ed0fe6901\">\n<div class=\"w2dptablinks\">\n<hr \/>\n<h3>5. Auslieferung oder Abholung<\/h3>\n<div>Die Bilder vom Shooting bekommst du kostenlos zugesandt. Wenn du weitere Bilder, Poster oder Fotoleinw\u00e4nde bestellst, bekommst du diese auch per Post oder Hermes Versand. Digitale Daten bekommst du direkt \u00fcber das Internet. Wir verwenden einen Bild\u00fcbertragungsservice damit es nicht zu Problemen mit zu gro\u00dfen Datenmengen in deinem Email Postfach kommt.<\/div>\n<\/div>\n<div id=\"w2dptab184857a0ed0fe6901\" class=\"w2dptab\">\n<p>Gerne kannst du auch deine Bilder und Daten direkt in unserem Ladengesch\u00e4ft abholen.<\/p>\n<hr \/>\n<p>Noch Fragen ? Weitere Infos findest du auf unserer Seite <a href=\"http:\/\/braunfoto.de\/?page_id=134\">Fragen und Antworten ( FAQ)<\/a><\/p>\n<\/div>\n<\/div>\n<\/div>\n","protected":false},"excerpt":{"rendered":"<p>1. Shooting kaufen und Termin vereinbaren Du kannst dein Shooting gleich hier in unserem Onlineshop ausw\u00e4hlen und einen Gutschein daf\u00fcr [&hellip;]<\/p>\n","protected":false},"author":1,"featured_media":0,"parent":0,"menu_order":0,"comment_status":"closed","ping_status":"closed","template":"","meta":{"site-sidebar-layout":"default","site-content-layout":"","ast-site-content-layout":"","site-content-style":"default","site-sidebar-style":"default","ast-global-header-display":"","ast-banner-title-visibility":"","ast-main-header-display":"","ast-hfb-above-header-display":"","ast-hfb-below-header-display":"","ast-hfb-mobile-header-display":"","site-post-title":"","ast-breadcrumbs-content":"","ast-featured-img":"","footer-sml-layout":"","theme-transparent-header-meta":"","adv-header-id-meta":"","stick-header-meta":"","header-above-stick-meta":"","header-main-stick-meta":"","header-below-stick-meta":"","astra-migrate-meta-layouts":"default","ast-page-background-enabled":"default","ast-page-background-meta":{"desktop":{"background-color":"var(--ast-global-color-4)","background-image":"","background-repeat":"repeat","background-position":"center center","background-size":"auto","background-attachment":"scroll","background-type":"","background-media":"","overlay-type":"","overlay-color":"","overlay-opacity":"","overlay-gradient":""},"tablet":{"background-color":"","background-image":"","background-repeat":"repeat","background-position":"center center","background-size":"auto","background-attachment":"scroll","background-type":"","background-media":"","overlay-type":"","overlay-color":"","overlay-opacity":"","overlay-gradient":""},"mobile":{"background-color":"","background-image":"","background-repeat":"repeat","background-position":"center center","background-size":"auto","background-attachment":"scroll","background-type":"","background-media":"","overlay-type":"","overlay-color":"","overlay-opacity":"","overlay-gradient":""}},"ast-content-background-meta":{"desktop":{"background-color":"var(--ast-global-color-5)","background-image":"","background-repeat":"repeat","background-position":"center center","background-size":"auto","background-attachment":"scroll","background-type":"","background-media":"","overlay-type":"","overlay-color":"","overlay-opacity":"","overlay-gradient":""},"tablet":{"background-color":"var(--ast-global-color-5)","background-image":"","background-repeat":"repeat","background-position":"center center","background-size":"auto","background-attachment":"scroll","background-type":"","background-media":"","overlay-type":"","overlay-color":"","overlay-opacity":"","overlay-gradient":""},"mobile":{"background-color":"var(--ast-global-color-5)","background-image":"","background-repeat":"repeat","background-position":"center center","background-size":"auto","background-attachment":"scroll","background-type":"","background-media":"","overlay-type":"","overlay-color":"","overlay-opacity":"","overlay-gradient":""}},"footnotes":""},"class_list":["post-343","page","type-page","status-publish","hentry"],"_links":{"self":[{"href":"https:\/\/fotobraun.de\/index.php?rest_route=\/wp\/v2\/pages\/343"}],"collection":[{"href":"https:\/\/fotobraun.de\/index.php?rest_route=\/wp\/v2\/pages"}],"about":[{"href":"https:\/\/fotobraun.de\/index.php?rest_route=\/wp\/v2\/types\/page"}],"author":[{"embeddable":true,"href":"https:\/\/fotobraun.de\/index.php?rest_route=\/wp\/v2\/users\/1"}],"replies":[{"embeddable":true,"href":"https:\/\/fotobraun.de\/index.php?rest_route=%2Fwp%2Fv2%2Fcomments&post=343"}],"version-history":[{"count":5,"href":"https:\/\/fotobraun.de\/index.php?rest_route=\/wp\/v2\/pages\/343\/revisions"}],"predecessor-version":[{"id":1733,"href":"https:\/\/fotobraun.de\/index.php?rest_route=\/wp\/v2\/pages\/343\/revisions\/1733"}],"wp:attachment":[{"href":"https:\/\/fotobraun.de\/index.php?rest_route=%2Fwp%2Fv2%2Fmedia&parent=343"}],"curies":[{"name":"wp","href":"https:\/\/api.w.org\/{rel}","templated":true}]}}