{"id":346,"date":"2018-05-23T19:53:44","date_gmt":"2018-05-23T19:53:44","guid":{"rendered":"http:\/\/braunfoto.de\/?page_id=346"},"modified":"2018-06-23T16:28:27","modified_gmt":"2018-06-23T16:28:27","slug":"nachbestellungen-prints-bilddaten","status":"publish","type":"page","link":"https:\/\/fotobraun.de\/?page_id=346","title":{"rendered":"nach dem Shooting"},"content":{"rendered":"<div class=\"w2dptablinks\">\n<h3>Bildauswahl und online Archiv<\/h3>\n<p>Nach dem Shooting zeigt dir dein Fotograf die Bilder am Grossbildmonitor und bespricht mit dir die verschiedenen M\u00f6glichkeiten der Nachbearbeitung, hilft dir bei der Auswahl deiner Zusatzbilder und findet f\u00fcr dich den besten Preis f\u00fcr deine Nachbestellung.<\/p>\n<p>Damit du gen\u00fcgend Zeit zur Auswahl deiner Lieblingsbilder hast, erstellen wir f\u00fcr dich eine Onlinegalerie. Du bekommst per Email deinen pers\u00f6nlichen Einladungslink und kannst damit deine Bilder von jedem Computer aus betrachten und im aller Ruhe ausw\u00e4hlen. Deine Galerie ist ein Monat lang kostenlos verf\u00fcgbar. Auf Wunsch k\u00f6nnen wir deine <b>online Galerie um nochmals 3 Monate verl\u00e4ngern<\/b>. Dieser Service kostet einmalig nur \u20ac 15,-<\/p>\n<div id=\"w2dptab184857a0e708b4807\" class=\"w2dptab\">\n<p>Die Onlinegalerie ist selbstverst\u00e4ndlich gesch\u00fctzt und nur f\u00fcr dich sichtbar.<\/p>\n<\/div>\n<p>Neben den Bilder die bei deinem Shooting schon mit dabei sind ( Inclusivebilder ) kannst du beliebig viele Bilder als Print oder als Bilddatei zus\u00e4tzlich erwerben.<\/p>\n<p>Besonders bequem ist das Nutzen der \u201cLightbox\u201d Funktion. So kannst du dir deine pers\u00f6nliche Auswahl ganz leicht zusammenstellen.<\/p>\n<p>Nach dem Sammeln der Bilder in der Lightbox kannst du uns eine Anfrage senden. Die ausgew\u00e4hlten Bildnummern werden automatisch an uns \u00fcbermittelt und wir k\u00f6nnen mit der Ausarbeitung beginnen.<\/p>\n<\/div>\n<hr \/>\n<h3><strong>Inclusivebilder: <\/strong><\/h3>\n<div>Bilder die bereits im Shooting enthalten sind.<\/div>\n<div>Weitere Infos dazu und die <a href=\"http:\/\/braunfoto.de\/?page_id=361\">verschiedenen Alternativen findest du hier<\/a>.<\/div>\n<hr \/>\n<div class=\"clearer\"><\/div>\n<div class=\"teaserpicture\"><\/div>\n<hr \/>\n<div class=\"clearer\">\n<h3><\/h3>\n<h3><strong>Bilddaten kaufen:<\/strong><\/h3>\n<p>Bilddaten auf DVD oder USB Stick werden immer beliebter. Wir bieten unseren Kunden die M\u00f6glichkeit an Bilddaten mit Bildrechten zur privaten Verwendung zu erwerben.<\/p>\n<p>Zwei M\u00f6glichkeiten stehen zur Auswahl:<\/p>\n<ol>\n<li>alle Bilddaten vom Shooting in unbearbeiteter Form und in Originalgr\u00f6\u00dfe, bei dieser Variante steigst du automatisch in unser<a href=\"http:\/\/braunfoto.de\/?page_id=373\"> VIP-Programm<\/a> mit zahlreichen Vorteilen ein. Falls du einzelne Bilder von uns bearbeiten lassen m\u00f6chtest ist das nat\u00fcrlich jederzeit zu eine g\u00fcnstigen Preis m\u00f6glich.<\/li>\n<li>eine Auswahl von Bildern ( z.B.: 10, 20, 30 oder 50 St\u00fcck mit Bildbearbeitung<\/li>\n<\/ol>\n<div class=\"clearer\"><\/div>\n<\/div>\n<div class=\"clearer\">\n<hr \/>\n<\/div>\n<div><\/div>\n<div><\/div>\n<div><\/div>\n<h3><strong>Bilder, Leinw\u00e4nde, Poster:<\/strong><\/h3>\n<div>Au\u00dfer den digitalen Bilddaten kannst du bei uns auch Fotoabz\u00fcge, Poster und Fotoleinw\u00e4nde bekommen. Die Preisliste daf\u00fcr bekommst du bei\u00a0deinem Shootingtermin.<\/div>\n<div class=\"teaserpicture\"><\/div>\n<p>&nbsp;<\/p>\n","protected":false},"excerpt":{"rendered":"<p>Bildauswahl und online Archiv Nach dem Shooting zeigt dir dein Fotograf die Bilder am Grossbildmonitor und bespricht mit dir die [&hellip;]<\/p>\n","protected":false},"author":1,"featured_media":0,"parent":0,"menu_order":0,"comment_status":"closed","ping_status":"closed","template":"","meta":{"site-sidebar-layout":"default","site-content-layout":"","ast-site-content-layout":"","site-content-style":"default","site-sidebar-style":"default","ast-global-header-display":"","ast-banner-title-visibility":"","ast-main-header-display":"","ast-hfb-above-header-display":"","ast-hfb-below-header-display":"","ast-hfb-mobile-header-display":"","site-post-title":"","ast-breadcrumbs-content":"","ast-featured-img":"","footer-sml-layout":"","theme-transparent-header-meta":"","adv-header-id-meta":"","stick-header-meta":"","header-above-stick-meta":"","header-main-stick-meta":"","header-below-stick-meta":"","astra-migrate-meta-layouts":"default","ast-page-background-enabled":"default","ast-page-background-meta":{"desktop":{"background-color":"var(--ast-global-color-4)","background-image":"","background-repeat":"repeat","background-position":"center center","background-size":"auto","background-attachment":"scroll","background-type":"","background-media":"","overlay-type":"","overlay-color":"","overlay-opacity":"","overlay-gradient":""},"tablet":{"background-color":"","background-image":"","background-repeat":"repeat","background-position":"center center","background-size":"auto","background-attachment":"scroll","background-type":"","background-media":"","overlay-type":"","overlay-color":"","overlay-opacity":"","overlay-gradient":""},"mobile":{"background-color":"","background-image":"","background-repeat":"repeat","background-position":"center center","background-size":"auto","background-attachment":"scroll","background-type":"","background-media":"","overlay-type":"","overlay-color":"","overlay-opacity":"","overlay-gradient":""}},"ast-content-background-meta":{"desktop":{"background-color":"var(--ast-global-color-5)","background-image":"","background-repeat":"repeat","background-position":"center center","background-size":"auto","background-attachment":"scroll","background-type":"","background-media":"","overlay-type":"","overlay-color":"","overlay-opacity":"","overlay-gradient":""},"tablet":{"background-color":"var(--ast-global-color-5)","background-image":"","background-repeat":"repeat","background-position":"center center","background-size":"auto","background-attachment":"scroll","background-type":"","background-media":"","overlay-type":"","overlay-color":"","overlay-opacity":"","overlay-gradient":""},"mobile":{"background-color":"var(--ast-global-color-5)","background-image":"","background-repeat":"repeat","background-position":"center center","background-size":"auto","background-attachment":"scroll","background-type":"","background-media":"","overlay-type":"","overlay-color":"","overlay-opacity":"","overlay-gradient":""}},"footnotes":""},"class_list":["post-346","page","type-page","status-publish","hentry"],"_links":{"self":[{"href":"https:\/\/fotobraun.de\/index.php?rest_route=\/wp\/v2\/pages\/346"}],"collection":[{"href":"https:\/\/fotobraun.de\/index.php?rest_route=\/wp\/v2\/pages"}],"about":[{"href":"https:\/\/fotobraun.de\/index.php?rest_route=\/wp\/v2\/types\/page"}],"author":[{"embeddable":true,"href":"https:\/\/fotobraun.de\/index.php?rest_route=\/wp\/v2\/users\/1"}],"replies":[{"embeddable":true,"href":"https:\/\/fotobraun.de\/index.php?rest_route=%2Fwp%2Fv2%2Fcomments&post=346"}],"version-history":[{"count":5,"href":"https:\/\/fotobraun.de\/index.php?rest_route=\/wp\/v2\/pages\/346\/revisions"}],"predecessor-version":[{"id":704,"href":"https:\/\/fotobraun.de\/index.php?rest_route=\/wp\/v2\/pages\/346\/revisions\/704"}],"wp:attachment":[{"href":"https:\/\/fotobraun.de\/index.php?rest_route=%2Fwp%2Fv2%2Fmedia&parent=346"}],"curies":[{"name":"wp","href":"https:\/\/api.w.org\/{rel}","templated":true}]}}