{"id":364,"date":"2018-05-23T20:56:37","date_gmt":"2018-05-23T20:56:37","guid":{"rendered":"http:\/\/braunfoto.de\/?page_id=364"},"modified":"2018-06-13T20:12:00","modified_gmt":"2018-06-13T20:12:00","slug":"stornobedingungen","status":"publish","type":"page","link":"https:\/\/fotobraun.de\/?page_id=364","title":{"rendered":"Stornobedingungen"},"content":{"rendered":"<h2>Buchung direkt \u00fcber uns und \u00fcber Bookingkit<\/h2>\n<p>F\u00fcr kurzfristige Terminverschiebungen und Absagen fallen folgende <b>Terminverschiebungsgeb\u00fchren<\/b> an:<\/p>\n<p><b>zwei oder mehr Tage vor dem Shooting:<\/b> es fallen keine Geb\u00fchren f\u00fcr eine Terminverschiebung an<\/p>\n<p><b>am Tag davor: <\/b>\u20ac 30,- <a href=\"https:\/\/fotobraun.de\/?product=storno-absage-am-tag-vor-dem-shooting\"><i>(diese Geb\u00fchr muss bezahlt werden bevor ein neuer Termin vereinbart wird)<\/i><\/a><\/p>\n<p><b>am Shootingtag:<\/b> \u20ac 50,- <a href=\"https:\/\/fotobraun.de\/?product=storno-absage-am-tag-des-shootings\"><i>(diese Geb\u00fchr muss bezahlt werden bevor ein neuer Termin vereinbart wird)<\/i><\/a><\/p>\n<p>bei <b>Nichterscheinen <\/b>zum Shooting ohne vorherige Absage <b>\u20ac 80,-<\/b><\/p>\n<h2><\/h2>\n<h2><\/h2>\n<h2>Stornobedingungen f\u00fcr Buchungen \u00fcber MyDays<\/h2>\n<p>Im Falle des R\u00fccktritts des Kunden, gelten folgende Stornobedingungen:<br \/>\nR\u00fccktritt von Kunde \/ Stornierung \/ Terminverschiebung<\/p>\n<p>1. Der Teilnehmer kann bis Beginn des Erlebnisses jederzeit durch Erkl\u00e4rung<br \/>\ngegen\u00fcber dem Veranstalter vom Vertrag zur\u00fccktreten. Um Missverst\u00e4ndnisse zu<br \/>\nvermeiden, wird empfohlen den R\u00fccktritt unter Angabe des Namens schriftlich zu<br \/>\nerkl\u00e4ren. Ma\u00dfgeblich f\u00fcr die Stornierungsgeb\u00fchren ist der Eingang der<br \/>\nR\u00fccktrittserkl\u00e4rung bei Veranstalter.<br \/>\nBeim R\u00fccktritt nach bereits erfolgter Buchung eines Erlebnisses beim Veranstalter<br \/>\nerfolgt die R\u00fccktrittsentsch\u00e4digung, unter Ber\u00fccksichtigung gew\u00f6hnlich ersparter<br \/>\nAufwendungen und der gew\u00f6hnlich m\u00f6glichen anderweitigen Verwendung der<br \/>\nLeistung nach folgenden pauschalen Prozents\u00e4tzen des jeweiligen Buchungspreises:<\/p>\n<h4><strong>Die R\u00fccktrittentsch\u00e4digung betr\u00e4gt:<\/strong><\/h4>\n<p>ab Zugang der Best\u00e4tigung bis zum 30. Tag vor Beginn: 30%, mindestens jedoch 25<br \/>\nEuro,<\/p>\n<p>vom 29. Tag bis zum 15. Tag vor Beginn: 40%<\/p>\n<p>vom 14. Tag bis zum 8. Tag vor Beginn: 50%<b><\/b><\/p>\n<p>vom 7. Tag bis zum 1. Tag vor Beginn: 65%<\/p>\n<p>ab dem Tag (des Beginns): 80%<\/p>\n<p>Bei Nichterscheinen\/ Nichtantritt: ohne vorherige R\u00fccktrittserkl\u00e4rung 100 %<\/p>\n<p>2. Dem Teilnehmer ist es gestattet, dem Veranstalter nachzuweisen, dass ihm<br \/>\ntats\u00e4chlich keine oder geringere Kosten als die geltend gemachte Kostenpauschale<br \/>\nentstanden sind. In diesem Fall ist der Teilnehmer nur zur Zahlung der tats\u00e4chlich<br \/>\nangefallenen Kosten verpflichtet.<\/p>\n","protected":false},"excerpt":{"rendered":"<p>Buchung direkt \u00fcber uns und \u00fcber Bookingkit F\u00fcr kurzfristige Terminverschiebungen und Absagen fallen folgende Terminverschiebungsgeb\u00fchren an: zwei oder mehr Tage [&hellip;]<\/p>\n","protected":false},"author":1,"featured_media":0,"parent":0,"menu_order":0,"comment_status":"closed","ping_status":"closed","template":"","meta":{"site-sidebar-layout":"default","site-content-layout":"","ast-site-content-layout":"","site-content-style":"default","site-sidebar-style":"default","ast-global-header-display":"","ast-banner-title-visibility":"","ast-main-header-display":"","ast-hfb-above-header-display":"","ast-hfb-below-header-display":"","ast-hfb-mobile-header-display":"","site-post-title":"","ast-breadcrumbs-content":"","ast-featured-img":"","footer-sml-layout":"","theme-transparent-header-meta":"","adv-header-id-meta":"","stick-header-meta":"","header-above-stick-meta":"","header-main-stick-meta":"","header-below-stick-meta":"","astra-migrate-meta-layouts":"default","ast-page-background-enabled":"default","ast-page-background-meta":{"desktop":{"background-color":"var(--ast-global-color-4)","background-image":"","background-repeat":"repeat","background-position":"center center","background-size":"auto","background-attachment":"scroll","background-type":"","background-media":"","overlay-type":"","overlay-color":"","overlay-opacity":"","overlay-gradient":""},"tablet":{"background-color":"","background-image":"","background-repeat":"repeat","background-position":"center center","background-size":"auto","background-attachment":"scroll","background-type":"","background-media":"","overlay-type":"","overlay-color":"","overlay-opacity":"","overlay-gradient":""},"mobile":{"background-color":"","background-image":"","background-repeat":"repeat","background-position":"center center","background-size":"auto","background-attachment":"scroll","background-type":"","background-media":"","overlay-type":"","overlay-color":"","overlay-opacity":"","overlay-gradient":""}},"ast-content-background-meta":{"desktop":{"background-color":"var(--ast-global-color-5)","background-image":"","background-repeat":"repeat","background-position":"center center","background-size":"auto","background-attachment":"scroll","background-type":"","background-media":"","overlay-type":"","overlay-color":"","overlay-opacity":"","overlay-gradient":""},"tablet":{"background-color":"var(--ast-global-color-5)","background-image":"","background-repeat":"repeat","background-position":"center center","background-size":"auto","background-attachment":"scroll","background-type":"","background-media":"","overlay-type":"","overlay-color":"","overlay-opacity":"","overlay-gradient":""},"mobile":{"background-color":"var(--ast-global-color-5)","background-image":"","background-repeat":"repeat","background-position":"center center","background-size":"auto","background-attachment":"scroll","background-type":"","background-media":"","overlay-type":"","overlay-color":"","overlay-opacity":"","overlay-gradient":""}},"footnotes":""},"class_list":["post-364","page","type-page","status-publish","hentry"],"_links":{"self":[{"href":"https:\/\/fotobraun.de\/index.php?rest_route=\/wp\/v2\/pages\/364"}],"collection":[{"href":"https:\/\/fotobraun.de\/index.php?rest_route=\/wp\/v2\/pages"}],"about":[{"href":"https:\/\/fotobraun.de\/index.php?rest_route=\/wp\/v2\/types\/page"}],"author":[{"embeddable":true,"href":"https:\/\/fotobraun.de\/index.php?rest_route=\/wp\/v2\/users\/1"}],"replies":[{"embeddable":true,"href":"https:\/\/fotobraun.de\/index.php?rest_route=%2Fwp%2Fv2%2Fcomments&post=364"}],"version-history":[{"count":5,"href":"https:\/\/fotobraun.de\/index.php?rest_route=\/wp\/v2\/pages\/364\/revisions"}],"predecessor-version":[{"id":680,"href":"https:\/\/fotobraun.de\/index.php?rest_route=\/wp\/v2\/pages\/364\/revisions\/680"}],"wp:attachment":[{"href":"https:\/\/fotobraun.de\/index.php?rest_route=%2Fwp%2Fv2%2Fmedia&parent=364"}],"curies":[{"name":"wp","href":"https:\/\/api.w.org\/{rel}","templated":true}]}}