{"id":373,"date":"2018-05-23T21:13:07","date_gmt":"2018-05-23T21:13:07","guid":{"rendered":"http:\/\/braunfoto.de\/?page_id=373"},"modified":"2019-11-06T14:42:36","modified_gmt":"2019-11-06T14:42:36","slug":"fuer-vip-kunden","status":"publish","type":"page","link":"https:\/\/fotobraun.de\/?page_id=373","title":{"rendered":"Vorteile f\u00fcr VIP-Kunden"},"content":{"rendered":"<div id=\"w2dptabs184857a1351090605\">\n<h3 class=\"w2dptablinks\">Vorteile f\u00fcr VIP-Kunden<\/h3>\n<div id=\"w2dptab184857a1351090605\" class=\"w2dptab\">\n<p>1. <b>Preisnachlass<\/b> von bis zu 50% bei Prints ( z.B.: 10&#215;15 \u20ac4,- und 15&#215;21 \u20ac5,- ) gilt f\u00fcr\u00a0dieses Fotoshooting<\/p>\n<p>2. 10% <b>Preisvorteil<\/b> beim Kauf eines Fotoshootinggutschein f\u00fcr dich oder zum verschenken beim Kauf direkt \u00fcber uns. ( gilt nicht beim Kauf \u00fcber MyDays oder bookingkit )<\/p>\n<p>3. <b>Schnelligkeit:<\/b>\u00a0Du bekommst alle deine Bilder direkt nach dem Shooting auf DVD mit.<\/p>\n<p>4. <b>Bevorzugte Bearbeitung<\/b> aller deiner Auftr\u00e4ge f\u00fcr das aktuelle und zuk\u00fcnftige Shootings<\/p>\n<p>5. <b>10 % Preisnachlass auf Poster und Fotoleinw\u00e4nde <\/b>von diesem Fotoshooting<\/p>\n<hr \/>\n<h3>Wie werde ich VIP ?<\/h3>\n<div id=\"w2dptabs184857a1351090605\">\n<div id=\"w2dptab184857a1351091c06\" class=\"w2dptab\">\n<p>Es ist ganz einfach und du musst noch nicht einmal ein Star sein wie Angelina Jolie, Julia Roberts, Brad Pitt oder George Clooney \ud83d\ude09<\/p>\n<p>Jeder unserer Kunden kann den VIP Status erwerben !<\/p>\n<p>Du investierst einmal und <b>kaufst alle Bilddaten deines Shooting<\/b> und profitierst danach von den zahlreichen Vorteilen.<br \/>\nDer einmalige Preis daf\u00fcr liegt zwischen \u20ac 149,- und \u20ac 299,- je nachdem welches Shooting du machst. Den genauen Preis f\u00fcr dein Shooting teilt dir dein Fotograf gene beim Shooting mit.<\/p>\n<\/div>\n<\/div>\n<\/div>\n<\/div>\n","protected":false},"excerpt":{"rendered":"<p>Vorteile f\u00fcr VIP-Kunden 1. Preisnachlass von bis zu 50% bei Prints ( z.B.: 10&#215;15 \u20ac4,- und 15&#215;21 \u20ac5,- ) gilt [&hellip;]<\/p>\n","protected":false},"author":1,"featured_media":0,"parent":0,"menu_order":0,"comment_status":"closed","ping_status":"closed","template":"","meta":{"site-sidebar-layout":"default","site-content-layout":"","ast-site-content-layout":"","site-content-style":"default","site-sidebar-style":"default","ast-global-header-display":"","ast-banner-title-visibility":"","ast-main-header-display":"","ast-hfb-above-header-display":"","ast-hfb-below-header-display":"","ast-hfb-mobile-header-display":"","site-post-title":"","ast-breadcrumbs-content":"","ast-featured-img":"","footer-sml-layout":"","theme-transparent-header-meta":"","adv-header-id-meta":"","stick-header-meta":"","header-above-stick-meta":"","header-main-stick-meta":"","header-below-stick-meta":"","astra-migrate-meta-layouts":"default","ast-page-background-enabled":"default","ast-page-background-meta":{"desktop":{"background-color":"var(--ast-global-color-4)","background-image":"","background-repeat":"repeat","background-position":"center center","background-size":"auto","background-attachment":"scroll","background-type":"","background-media":"","overlay-type":"","overlay-color":"","overlay-opacity":"","overlay-gradient":""},"tablet":{"background-color":"","background-image":"","background-repeat":"repeat","background-position":"center center","background-size":"auto","background-attachment":"scroll","background-type":"","background-media":"","overlay-type":"","overlay-color":"","overlay-opacity":"","overlay-gradient":""},"mobile":{"background-color":"","background-image":"","background-repeat":"repeat","background-position":"center center","background-size":"auto","background-attachment":"scroll","background-type":"","background-media":"","overlay-type":"","overlay-color":"","overlay-opacity":"","overlay-gradient":""}},"ast-content-background-meta":{"desktop":{"background-color":"var(--ast-global-color-5)","background-image":"","background-repeat":"repeat","background-position":"center center","background-size":"auto","background-attachment":"scroll","background-type":"","background-media":"","overlay-type":"","overlay-color":"","overlay-opacity":"","overlay-gradient":""},"tablet":{"background-color":"var(--ast-global-color-5)","background-image":"","background-repeat":"repeat","background-position":"center center","background-size":"auto","background-attachment":"scroll","background-type":"","background-media":"","overlay-type":"","overlay-color":"","overlay-opacity":"","overlay-gradient":""},"mobile":{"background-color":"var(--ast-global-color-5)","background-image":"","background-repeat":"repeat","background-position":"center center","background-size":"auto","background-attachment":"scroll","background-type":"","background-media":"","overlay-type":"","overlay-color":"","overlay-opacity":"","overlay-gradient":""}},"footnotes":""},"class_list":["post-373","page","type-page","status-publish","hentry"],"_links":{"self":[{"href":"https:\/\/fotobraun.de\/index.php?rest_route=\/wp\/v2\/pages\/373"}],"collection":[{"href":"https:\/\/fotobraun.de\/index.php?rest_route=\/wp\/v2\/pages"}],"about":[{"href":"https:\/\/fotobraun.de\/index.php?rest_route=\/wp\/v2\/types\/page"}],"author":[{"embeddable":true,"href":"https:\/\/fotobraun.de\/index.php?rest_route=\/wp\/v2\/users\/1"}],"replies":[{"embeddable":true,"href":"https:\/\/fotobraun.de\/index.php?rest_route=%2Fwp%2Fv2%2Fcomments&post=373"}],"version-history":[{"count":5,"href":"https:\/\/fotobraun.de\/index.php?rest_route=\/wp\/v2\/pages\/373\/revisions"}],"predecessor-version":[{"id":1149,"href":"https:\/\/fotobraun.de\/index.php?rest_route=\/wp\/v2\/pages\/373\/revisions\/1149"}],"wp:attachment":[{"href":"https:\/\/fotobraun.de\/index.php?rest_route=%2Fwp%2Fv2%2Fmedia&parent=373"}],"curies":[{"name":"wp","href":"https:\/\/api.w.org\/{rel}","templated":true}]}}