{"id":412,"date":"2018-05-24T09:24:44","date_gmt":"2018-05-24T09:24:44","guid":{"rendered":"http:\/\/braunfoto.de\/?page_id=412"},"modified":"2021-08-12T19:52:59","modified_gmt":"2021-08-12T19:52:59","slug":"bildbearbeitung-und-digital-makeup","status":"publish","type":"page","link":"https:\/\/fotobraun.de\/?page_id=412","title":{"rendered":"digital MakeUp"},"content":{"rendered":"\t\t<div data-elementor-type=\"wp-post\" data-elementor-id=\"412\" class=\"elementor elementor-412\" data-elementor-post-type=\"page\">\n\t\t\t\t\t\t<section class=\"elementor-section elementor-top-section elementor-element elementor-element-6325a4a1 elementor-section-boxed elementor-section-height-default elementor-section-height-default\" data-id=\"6325a4a1\" data-element_type=\"section\">\n\t\t\t\t\t\t<div class=\"elementor-container elementor-column-gap-default\">\n\t\t\t\t\t<div class=\"elementor-column elementor-col-100 elementor-top-column elementor-element elementor-element-7951ac71\" data-id=\"7951ac71\" data-element_type=\"column\">\n\t\t\t<div class=\"elementor-widget-wrap elementor-element-populated\">\n\t\t\t\t\t\t<div class=\"elementor-element elementor-element-d165222 elementor-widget elementor-widget-image\" data-id=\"d165222\" data-element_type=\"widget\" data-widget_type=\"image.default\">\n\t\t\t\t<div class=\"elementor-widget-container\">\n\t\t\t\t\t\t\t\t\t\t<figure class=\"wp-caption\">\n\t\t\t\t\t\t\t\t\t\t<img fetchpriority=\"high\" decoding=\"async\" width=\"768\" height=\"500\" src=\"https:\/\/fotobraun.de\/wp-content\/uploads\/2019\/08\/ian-dooley-k8OCHhEymME-unsplash-e1567202001567-768x500.jpg\" class=\"attachment-medium_large size-medium_large wp-image-1035\" alt=\"\" srcset=\"https:\/\/fotobraun.de\/wp-content\/uploads\/2019\/08\/ian-dooley-k8OCHhEymME-unsplash-e1567202001567-768x500.jpg 768w, https:\/\/fotobraun.de\/wp-content\/uploads\/2019\/08\/ian-dooley-k8OCHhEymME-unsplash-e1567202001567-400x261.jpg 400w, https:\/\/fotobraun.de\/wp-content\/uploads\/2019\/08\/ian-dooley-k8OCHhEymME-unsplash-e1567202001567-300x195.jpg 300w, https:\/\/fotobraun.de\/wp-content\/uploads\/2019\/08\/ian-dooley-k8OCHhEymME-unsplash-e1567202001567-600x391.jpg 600w, https:\/\/fotobraun.de\/wp-content\/uploads\/2019\/08\/ian-dooley-k8OCHhEymME-unsplash-e1567202001567.jpg 1001w\" sizes=\"(max-width: 768px) 100vw, 768px\" \/>\t\t\t\t\t\t\t\t\t\t\t<figcaption class=\"widget-image-caption wp-caption-text\">digital Makeup<\/figcaption>\n\t\t\t\t\t\t\t\t\t\t<\/figure>\n\t\t\t\t\t\t\t<\/div>\n\t\t\t\t<\/div>\n\t\t\t\t<div class=\"elementor-element elementor-element-20f281b6 elementor-widget elementor-widget-text-editor\" data-id=\"20f281b6\" data-element_type=\"widget\" data-widget_type=\"text-editor.default\">\n\t\t\t\t<div class=\"elementor-widget-container\">\n\t\t\t\t\t\t\t<h2>konventionelles Makeup oder digital Makeup ?<\/h2><p><strong>F\u00fcr ein konventionelles Makeup von unserer Visagistin spricht:<\/strong><\/p><p>+ das Makeup ist auf allen Bildern vorhanden daher besonders geeignet f\u00fcr Shootings bei denen\u00a0du eine gro\u00dfe Anzahl an Bildern kaufen m\u00f6chtest.<\/p><p><strong>F\u00fcr das digital Makeup spricht:<\/strong><\/p><p>+ Zeitersparnis von ca. 30 Minuten die f\u00fcr ein l\u00e4ngeres Fotoshooting genutzt werden kann<\/p><p>+ unabh\u00e4ngig bei der Terminwahl weil keine Visagistin gebucht werden muss<\/p><p>+ Flexibilit\u00e4t bez\u00fcglich der St\u00e4rke\/Farbe des Makeup. Alle Faktoren des Makeup k\u00f6nnen hinterher individuell, von Bild zu Bild eingestellt werden.<\/p><p>\u00a0<\/p>\t\t\t\t\t\t<\/div>\n\t\t\t\t<\/div>\n\t\t\t\t\t<\/div>\n\t\t<\/div>\n\t\t\t\t\t<\/div>\n\t\t<\/section>\n\t\t\t\t<section class=\"elementor-section elementor-top-section elementor-element elementor-element-6b9d07e elementor-section-boxed elementor-section-height-default elementor-section-height-default\" data-id=\"6b9d07e\" data-element_type=\"section\">\n\t\t\t\t\t\t<div class=\"elementor-container elementor-column-gap-default\">\n\t\t\t\t\t<div class=\"elementor-column elementor-col-100 elementor-top-column elementor-element elementor-element-0d9de48\" data-id=\"0d9de48\" data-element_type=\"column\">\n\t\t\t<div class=\"elementor-widget-wrap elementor-element-populated\">\n\t\t\t\t\t\t<div class=\"elementor-element elementor-element-1c9e824 elementor-widget elementor-widget-image\" data-id=\"1c9e824\" data-element_type=\"widget\" data-widget_type=\"image.default\">\n\t\t\t\t<div class=\"elementor-widget-container\">\n\t\t\t\t\t\t\t\t\t\t<figure class=\"wp-caption\">\n\t\t\t\t\t\t\t\t\t\t<img decoding=\"async\" width=\"768\" height=\"578\" src=\"https:\/\/fotobraun.de\/wp-content\/uploads\/2019\/08\/kareya-saleh-tLKOj6cNwe0-unsplash-e1567203434354-768x578.jpg\" class=\"attachment-medium_large size-medium_large wp-image-1045\" alt=\"\" srcset=\"https:\/\/fotobraun.de\/wp-content\/uploads\/2019\/08\/kareya-saleh-tLKOj6cNwe0-unsplash-e1567203434354-768x578.jpg 768w, https:\/\/fotobraun.de\/wp-content\/uploads\/2019\/08\/kareya-saleh-tLKOj6cNwe0-unsplash-e1567203434354-400x301.jpg 400w, https:\/\/fotobraun.de\/wp-content\/uploads\/2019\/08\/kareya-saleh-tLKOj6cNwe0-unsplash-e1567203434354-300x226.jpg 300w, https:\/\/fotobraun.de\/wp-content\/uploads\/2019\/08\/kareya-saleh-tLKOj6cNwe0-unsplash-e1567203434354-600x451.jpg 600w, https:\/\/fotobraun.de\/wp-content\/uploads\/2019\/08\/kareya-saleh-tLKOj6cNwe0-unsplash-e1567203434354.jpg 1001w\" sizes=\"(max-width: 768px) 100vw, 768px\" \/>\t\t\t\t\t\t\t\t\t\t\t<figcaption class=\"widget-image-caption wp-caption-text\">beim digital Makeup ist die individuelle Farbgebung von einem Bild zum anderen m\u00f6glich und nicht f\u00fcr das ganze Shooting festgelegt = mehr Vielfalt bei deinen Fotos <\/figcaption>\n\t\t\t\t\t\t\t\t\t\t<\/figure>\n\t\t\t\t\t\t\t<\/div>\n\t\t\t\t<\/div>\n\t\t\t\t<div class=\"elementor-element elementor-element-e9bb59b elementor-widget elementor-widget-text-editor\" data-id=\"e9bb59b\" data-element_type=\"widget\" data-widget_type=\"text-editor.default\">\n\t\t\t\t<div class=\"elementor-widget-container\">\n\t\t\t\t\t\t\t<h2><strong>digital Makeup<\/strong><\/h2><p>Beim <strong>digital Makeup<\/strong> kann das Makeup von Bild zu Bild farblich angepasst und auch schw\u00e4cher und st\u00e4rker eingestellt werden. Ganz wie du willst von ganz nat\u00fcrlich bis st\u00e4rker geschminkt. Dies ist insbesondere bei Bewerbungsbilder sehr von Vorteil weil die St\u00e4rke des Makeup nach dem Shooting eingestellt werden kann und du dadurch bis zum Schlu\u00df ganz flexibel bleibst. Auch f\u00fcr M\u00e4nner kann das Digital Makeup f\u00fcr die Gl\u00e4ttung der Haut und die Beseitigung von Hautunreinheiten eingesetzt werden.<\/p><p>\u00a0<\/p>\t\t\t\t\t\t<\/div>\n\t\t\t\t<\/div>\n\t\t\t\t<div class=\"elementor-element elementor-element-7819429 elementor-widget elementor-widget-image\" data-id=\"7819429\" data-element_type=\"widget\" data-widget_type=\"image.default\">\n\t\t\t\t<div class=\"elementor-widget-container\">\n\t\t\t\t\t\t\t\t\t\t<figure class=\"wp-caption\">\n\t\t\t\t\t\t\t\t\t\t<img decoding=\"async\" src=\"https:\/\/fotobraun.de\/wp-content\/uploads\/elementor\/thumbs\/Sarah-Bauer_montage-od62nqhol0h10jpfb3f6n0gu0ecvcns70zlhogcyw0.jpg\" title=\"Sarah Bauer_montage\" alt=\"Sarah Bauer_montage\" loading=\"lazy\" \/>\t\t\t\t\t\t\t\t\t\t\t<figcaption class=\"widget-image-caption wp-caption-text\">Das ideale Makeup f\u00fcr Bewerbungsbilder und auch f\u00fcr deine Fashion Bilder<\/figcaption>\n\t\t\t\t\t\t\t\t\t\t<\/figure>\n\t\t\t\t\t\t\t<\/div>\n\t\t\t\t<\/div>\n\t\t\t\t\t<\/div>\n\t\t<\/div>\n\t\t\t\t\t<\/div>\n\t\t<\/section>\n\t\t\t\t<section class=\"elementor-section elementor-top-section elementor-element elementor-element-e28dae9 elementor-section-boxed elementor-section-height-default elementor-section-height-default\" data-id=\"e28dae9\" data-element_type=\"section\">\n\t\t\t\t\t\t<div class=\"elementor-container elementor-column-gap-default\">\n\t\t\t\t\t<div class=\"elementor-column elementor-col-100 elementor-top-column elementor-element elementor-element-5fcfe34\" data-id=\"5fcfe34\" data-element_type=\"column\">\n\t\t\t<div class=\"elementor-widget-wrap elementor-element-populated\">\n\t\t\t\t\t\t<div class=\"elementor-element elementor-element-6e243e8 elementor-widget elementor-widget-image\" data-id=\"6e243e8\" data-element_type=\"widget\" data-widget_type=\"image.default\">\n\t\t\t\t<div class=\"elementor-widget-container\">\n\t\t\t\t\t\t\t\t\t\t<figure class=\"wp-caption\">\n\t\t\t\t\t\t\t\t\t\t<img decoding=\"async\" width=\"1024\" height=\"768\" src=\"https:\/\/fotobraun.de\/wp-content\/uploads\/2021\/01\/DSC_4415DMU_Montage-1024x768.jpg\" class=\"attachment-large size-large wp-image-1401\" alt=\"\" srcset=\"https:\/\/fotobraun.de\/wp-content\/uploads\/2021\/01\/DSC_4415DMU_Montage-1024x768.jpg 1024w, https:\/\/fotobraun.de\/wp-content\/uploads\/2021\/01\/DSC_4415DMU_Montage-400x300.jpg 400w, https:\/\/fotobraun.de\/wp-content\/uploads\/2021\/01\/DSC_4415DMU_Montage-300x225.jpg 300w, https:\/\/fotobraun.de\/wp-content\/uploads\/2021\/01\/DSC_4415DMU_Montage-768x576.jpg 768w, https:\/\/fotobraun.de\/wp-content\/uploads\/2021\/01\/DSC_4415DMU_Montage-600x450.jpg 600w, https:\/\/fotobraun.de\/wp-content\/uploads\/2021\/01\/DSC_4415DMU_Montage-1536x1152.jpg 1536w, https:\/\/fotobraun.de\/wp-content\/uploads\/2021\/01\/DSC_4415DMU_Montage-2048x1536.jpg 2048w, https:\/\/fotobraun.de\/wp-content\/uploads\/2021\/01\/DSC_4415DMU_Montage-80x60.jpg 80w, https:\/\/fotobraun.de\/wp-content\/uploads\/2021\/01\/DSC_4415DMU_Montage-120x90.jpg 120w, https:\/\/fotobraun.de\/wp-content\/uploads\/2021\/01\/DSC_4415DMU_Montage-scaled.jpg 1500w\" sizes=\"(max-width: 1024px) 100vw, 1024px\" \/>\t\t\t\t\t\t\t\t\t\t\t<figcaption class=\"widget-image-caption wp-caption-text\">ohne digital Makeup          mit digital Makeup<\/figcaption>\n\t\t\t\t\t\t\t\t\t\t<\/figure>\n\t\t\t\t\t\t\t<\/div>\n\t\t\t\t<\/div>\n\t\t\t\t\t<\/div>\n\t\t<\/div>\n\t\t\t\t\t<\/div>\n\t\t<\/section>\n\t\t\t\t<\/div>\n\t\t","protected":false},"excerpt":{"rendered":"<p>digital Makeup konventionelles Makeup oder digital Makeup ? F\u00fcr ein konventionelles Makeup von unserer Visagistin spricht: + das Makeup ist [&hellip;]<\/p>\n","protected":false},"author":1,"featured_media":0,"parent":0,"menu_order":0,"comment_status":"closed","ping_status":"closed","template":"","meta":{"site-sidebar-layout":"default","site-content-layout":"","ast-site-content-layout":"","site-content-style":"default","site-sidebar-style":"default","ast-global-header-display":"","ast-banner-title-visibility":"","ast-main-header-display":"","ast-hfb-above-header-display":"","ast-hfb-below-header-display":"","ast-hfb-mobile-header-display":"","site-post-title":"","ast-breadcrumbs-content":"","ast-featured-img":"","footer-sml-layout":"","theme-transparent-header-meta":"","adv-header-id-meta":"","stick-header-meta":"","header-above-stick-meta":"","header-main-stick-meta":"","header-below-stick-meta":"","astra-migrate-meta-layouts":"default","ast-page-background-enabled":"default","ast-page-background-meta":{"desktop":{"background-color":"var(--ast-global-color-4)","background-image":"","background-repeat":"repeat","background-position":"center center","background-size":"auto","background-attachment":"scroll","background-type":"","background-media":"","overlay-type":"","overlay-color":"","overlay-opacity":"","overlay-gradient":""},"tablet":{"background-color":"","background-image":"","background-repeat":"repeat","background-position":"center center","background-size":"auto","background-attachment":"scroll","background-type":"","background-media":"","overlay-type":"","overlay-color":"","overlay-opacity":"","overlay-gradient":""},"mobile":{"background-color":"","background-image":"","background-repeat":"repeat","background-position":"center center","background-size":"auto","background-attachment":"scroll","background-type":"","background-media":"","overlay-type":"","overlay-color":"","overlay-opacity":"","overlay-gradient":""}},"ast-content-background-meta":{"desktop":{"background-color":"var(--ast-global-color-5)","background-image":"","background-repeat":"repeat","background-position":"center center","background-size":"auto","background-attachment":"scroll","background-type":"","background-media":"","overlay-type":"","overlay-color":"","overlay-opacity":"","overlay-gradient":""},"tablet":{"background-color":"var(--ast-global-color-5)","background-image":"","background-repeat":"repeat","background-position":"center center","background-size":"auto","background-attachment":"scroll","background-type":"","background-media":"","overlay-type":"","overlay-color":"","overlay-opacity":"","overlay-gradient":""},"mobile":{"background-color":"var(--ast-global-color-5)","background-image":"","background-repeat":"repeat","background-position":"center center","background-size":"auto","background-attachment":"scroll","background-type":"","background-media":"","overlay-type":"","overlay-color":"","overlay-opacity":"","overlay-gradient":""}},"footnotes":""},"class_list":["post-412","page","type-page","status-publish","hentry"],"_links":{"self":[{"href":"https:\/\/fotobraun.de\/index.php?rest_route=\/wp\/v2\/pages\/412"}],"collection":[{"href":"https:\/\/fotobraun.de\/index.php?rest_route=\/wp\/v2\/pages"}],"about":[{"href":"https:\/\/fotobraun.de\/index.php?rest_route=\/wp\/v2\/types\/page"}],"author":[{"embeddable":true,"href":"https:\/\/fotobraun.de\/index.php?rest_route=\/wp\/v2\/users\/1"}],"replies":[{"embeddable":true,"href":"https:\/\/fotobraun.de\/index.php?rest_route=%2Fwp%2Fv2%2Fcomments&post=412"}],"version-history":[{"count":5,"href":"https:\/\/fotobraun.de\/index.php?rest_route=\/wp\/v2\/pages\/412\/revisions"}],"predecessor-version":[{"id":1518,"href":"https:\/\/fotobraun.de\/index.php?rest_route=\/wp\/v2\/pages\/412\/revisions\/1518"}],"wp:attachment":[{"href":"https:\/\/fotobraun.de\/index.php?rest_route=%2Fwp%2Fv2%2Fmedia&parent=412"}],"curies":[{"name":"wp","href":"https:\/\/api.w.org\/{rel}","templated":true}]}}