{"id":469,"date":"2018-05-24T13:31:34","date_gmt":"2018-05-24T13:31:34","guid":{"rendered":"http:\/\/braunfoto.de\/?page_id=469"},"modified":"2018-05-24T13:31:34","modified_gmt":"2018-05-24T13:31:34","slug":"bilddaten-kaufen","status":"publish","type":"page","link":"https:\/\/fotobraun.de\/?page_id=469","title":{"rendered":"Bilddaten kaufen"},"content":{"rendered":"<div class=\"clearer\">\n<p>Bilddaten auf DVD oder USB Stick werden immer beliebter. Wir bieten unseren Kunden die M\u00f6glichkeit an Bilddaten mit Bildrechten zur privaten Verwendung zu erwerben.<\/p>\n<p>Zwei M\u00f6glichkeiten stehen zur Auswahl:<\/p>\n<ol>\n<li>alle Bilddaten vom Shooting in unbearbeiteter Form und in Originalgr\u00f6\u00dfe, bei dieser Variante steigst du automatisch in unser<a href=\"http:\/\/braunfoto.de\/?page_id=373\"> VIP-Programm<\/a> mit zahlreichen Vorteilen ein. Falls du einzelne Bilder von uns bearbeiten lassen m\u00f6chtest ist das nat\u00fcrlich jederzeit zu eine g\u00fcnstigen Preis m\u00f6glich.<\/li>\n<li>eine Auswahl von Bildern ( z.B.: 10, 20, 30 oder 50 St\u00fcck mit Bildbearbeitung<\/li>\n<\/ol>\n<div class=\"clearer\"><\/div>\n<\/div>\n<div class=\"teaserpicture\"><a href=\"http:\/\/www.fotobraun.de\/nach-dem-shooting\/bilddaten-kaufen\/index.php\"><img decoding=\"async\" src=\"https:\/\/i0.wp.com\/www.fotobraun.de\/images\/daten-kaufen_152.jpg?zoom=2&amp;resize=152%2C84\" srcset=\"https:\/\/i0.wp.com\/www.fotobraun.de\/images\/daten-kaufen_152.jpg?zoom=2&amp;resize=152%2C84\" alt=\"\" width=\"152\" height=\"84\" border=\"0\" \/><\/a><\/div>\n","protected":false},"excerpt":{"rendered":"<p>Bilddaten auf DVD oder USB Stick werden immer beliebter. Wir bieten unseren Kunden die M\u00f6glichkeit an Bilddaten mit Bildrechten zur [&hellip;]<\/p>\n","protected":false},"author":1,"featured_media":0,"parent":0,"menu_order":0,"comment_status":"closed","ping_status":"closed","template":"","meta":{"site-sidebar-layout":"default","site-content-layout":"","ast-site-content-layout":"","site-content-style":"default","site-sidebar-style":"default","ast-global-header-display":"","ast-banner-title-visibility":"","ast-main-header-display":"","ast-hfb-above-header-display":"","ast-hfb-below-header-display":"","ast-hfb-mobile-header-display":"","site-post-title":"","ast-breadcrumbs-content":"","ast-featured-img":"","footer-sml-layout":"","theme-transparent-header-meta":"","adv-header-id-meta":"","stick-header-meta":"","header-above-stick-meta":"","header-main-stick-meta":"","header-below-stick-meta":"","astra-migrate-meta-layouts":"default","ast-page-background-enabled":"default","ast-page-background-meta":{"desktop":{"background-color":"var(--ast-global-color-4)","background-image":"","background-repeat":"repeat","background-position":"center center","background-size":"auto","background-attachment":"scroll","background-type":"","background-media":"","overlay-type":"","overlay-color":"","overlay-opacity":"","overlay-gradient":""},"tablet":{"background-color":"","background-image":"","background-repeat":"repeat","background-position":"center center","background-size":"auto","background-attachment":"scroll","background-type":"","background-media":"","overlay-type":"","overlay-color":"","overlay-opacity":"","overlay-gradient":""},"mobile":{"background-color":"","background-image":"","background-repeat":"repeat","background-position":"center center","background-size":"auto","background-attachment":"scroll","background-type":"","background-media":"","overlay-type":"","overlay-color":"","overlay-opacity":"","overlay-gradient":""}},"ast-content-background-meta":{"desktop":{"background-color":"var(--ast-global-color-5)","background-image":"","background-repeat":"repeat","background-position":"center center","background-size":"auto","background-attachment":"scroll","background-type":"","background-media":"","overlay-type":"","overlay-color":"","overlay-opacity":"","overlay-gradient":""},"tablet":{"background-color":"var(--ast-global-color-5)","background-image":"","background-repeat":"repeat","background-position":"center center","background-size":"auto","background-attachment":"scroll","background-type":"","background-media":"","overlay-type":"","overlay-color":"","overlay-opacity":"","overlay-gradient":""},"mobile":{"background-color":"var(--ast-global-color-5)","background-image":"","background-repeat":"repeat","background-position":"center center","background-size":"auto","background-attachment":"scroll","background-type":"","background-media":"","overlay-type":"","overlay-color":"","overlay-opacity":"","overlay-gradient":""}},"footnotes":""},"class_list":["post-469","page","type-page","status-publish","hentry"],"_links":{"self":[{"href":"https:\/\/fotobraun.de\/index.php?rest_route=\/wp\/v2\/pages\/469"}],"collection":[{"href":"https:\/\/fotobraun.de\/index.php?rest_route=\/wp\/v2\/pages"}],"about":[{"href":"https:\/\/fotobraun.de\/index.php?rest_route=\/wp\/v2\/types\/page"}],"author":[{"embeddable":true,"href":"https:\/\/fotobraun.de\/index.php?rest_route=\/wp\/v2\/users\/1"}],"replies":[{"embeddable":true,"href":"https:\/\/fotobraun.de\/index.php?rest_route=%2Fwp%2Fv2%2Fcomments&post=469"}],"version-history":[{"count":1,"href":"https:\/\/fotobraun.de\/index.php?rest_route=\/wp\/v2\/pages\/469\/revisions"}],"predecessor-version":[{"id":470,"href":"https:\/\/fotobraun.de\/index.php?rest_route=\/wp\/v2\/pages\/469\/revisions\/470"}],"wp:attachment":[{"href":"https:\/\/fotobraun.de\/index.php?rest_route=%2Fwp%2Fv2%2Fmedia&parent=469"}],"curies":[{"name":"wp","href":"https:\/\/api.w.org\/{rel}","templated":true}]}}