{"id":80,"date":"2018-05-15T20:15:29","date_gmt":"2018-05-15T20:15:29","guid":{"rendered":"http:\/\/braunfoto.de\/?page_id=80"},"modified":"2018-11-01T17:06:47","modified_gmt":"2018-11-01T17:06:47","slug":"allgemeine_geschaeftsbedingungen","status":"publish","type":"page","link":"https:\/\/fotobraun.de\/?page_id=80","title":{"rendered":"Allgemeine Gesch\u00e4ftsbedingungen"},"content":{"rendered":"<h1>Allgemeine Gesch\u00e4ftsbedingungen mit Kundeninformationen<\/h1>\n<h2>Inhaltsverzeichnis<\/h2>\n<ol>\n<li>Geltungsbereich<\/li>\n<li>Vertragsschluss<\/li>\n<li>Widerrufsrecht<\/li>\n<li>Preise und Zahlungsbedingungen<\/li>\n<li>Liefer- und Versandbedingungen<\/li>\n<li>Eigentumsvorbehalt<\/li>\n<li>M\u00e4ngelhaftung (Gew\u00e4hrleistung)<\/li>\n<li>Besondere Bedingungen f\u00fcr Montage-\/Einbauleistungen<\/li>\n<li>Einl\u00f6sung von Aktionsgutscheinen<\/li>\n<li>Einl\u00f6sung von Geschenkgutscheinen<\/li>\n<li>Anwendbares Recht<\/li>\n<li>Alternative Streitbeilegung<\/li>\n<\/ol>\n<h2>1) Geltungsbereich<\/h2>\n<p><b>1.1<\/b>\u2009Diese Allgemeinen Gesch\u00e4ftsbedingungen (nachfolgend &#8222;AGB&#8220;) des Alfred Braun, handelnd unter &#8222;BRAUN FOTO &amp; beauty&#8220; (nachfolgend &#8222;Verk\u00e4ufer&#8220;), gelten f\u00fcr alle Vertr\u00e4ge \u00fcber die Lieferung von Waren, die ein Verbraucher oder Unternehmer (nachfolgend \u201eKunde\u201c) mit dem Verk\u00e4ufer hinsichtlich der vom Verk\u00e4ufer in seinem Online-Shop dargestellten Waren abschlie\u00dft. Hiermit wird der Einbeziehung von eigenen Bedingungen des Kunden widersprochen, es sei denn, es ist etwas anderes vereinbart.<\/p>\n<p><b>1.2<\/b>\u2009F\u00fcr Vertr\u00e4ge \u00fcber die Lieferung von Gutscheinen gelten diese AGB entsprechend, sofern insoweit nicht ausdr\u00fccklich etwas Abweichendes geregelt ist.<\/p>\n<p><b>1.3<\/b>\u2009Verbraucher im Sinne dieser AGB ist jede nat\u00fcrliche Person, die ein Rechtsgesch\u00e4ft zu Zwecken abschlie\u00dft, die \u00fcberwiegend weder ihrer gewerblichen noch ihrer selbst\u00e4ndigen beruflichen T\u00e4tigkeit zugerechnet werden k\u00f6nnen. Unternehmer im Sinne dieser AGB ist eine nat\u00fcrliche oder juristische Person oder eine rechtsf\u00e4hige Personengesellschaft, die bei Abschluss eines Rechtsgesch\u00e4fts in Aus\u00fcbung ihrer gewerblichen oder selbst\u00e4ndigen beruflichen T\u00e4tigkeit handelt.<\/p>\n<h2>2) Vertragsschluss<\/h2>\n<p><b>2.1<\/b>\u2009Die im Online-Shop des Verk\u00e4ufers enthaltenen Produktbeschreibungen stellen keine verbindlichen Angebote seitens des Verk\u00e4ufers dar, sondern dienen zur Abgabe eines verbindlichen Angebots durch den Kunden.<\/p>\n<p><b>2.2<\/b>\u2009Der Kunde kann das Angebot \u00fcber das in den Online-Shop des Verk\u00e4ufers integrierte Online-Bestellformular abgeben. Dabei gibt der Kunde, nachdem er die ausgew\u00e4hlten Waren in den virtuellen Warenkorb gelegt und den elektronischen Bestellprozess durchlaufen hat, durch Klicken des den Bestellvorgang abschlie\u00dfenden Buttons ein rechtlich verbindliches Vertragsangebot in Bezug auf die im Warenkorb enthaltenen Waren ab. Ferner kann der Kunde das Angebot auch telefonisch, per E-Mail, postalisch oder per Online-Kontaktformular gegen\u00fcber dem Verk\u00e4ufer abgeben.<\/p>\n<p><b>2.3<\/b>\u2009Der Verk\u00e4ufer kann das Angebot des Kunden innerhalb von f\u00fcnf Tagen annehmen,<\/p>\n<ul>\n<li>indem er dem Kunden eine schriftliche Auftragsbest\u00e4tigung oder eine Auftragsbest\u00e4tigung in Textform (Fax oder E-Mail) \u00fcbermittelt, wobei insoweit der Zugang der Auftragsbest\u00e4tigung beim Kunden ma\u00dfgeblich ist, oder<\/li>\n<li>indem er dem Kunden die bestellte Ware liefert, wobei insoweit der Zugang der Ware beim Kunden ma\u00dfgeblich ist, oder<\/li>\n<li>indem er den Kunden nach Abgabe von dessen Bestellung zur Zahlung auffordert.<\/li>\n<\/ul>\n<p>Liegen mehrere der vorgenannten Alternativen vor, kommt der Vertrag in dem Zeitpunkt zustande, in dem eine der vorgenannten Alternativen zuerst eintritt. Die Frist zur Annahme des Angebots beginnt am Tag nach der Absendung des Angebots durch den Kunden zu laufen und endet mit dem Ablauf des f\u00fcnften Tages, welcher auf die Absendung des Angebots folgt. Nimmt der Verk\u00e4ufer das Angebot des Kunden innerhalb vorgenannter Frist nicht an, so gilt dies als Ablehnung des Angebots mit der Folge, dass der Kunde nicht mehr an seine Willenserkl\u00e4rung gebunden ist.<\/p>\n<p><b>2.4<\/b>\u2009Bei Auswahl der Zahlungsart \u201ePayPal Express\u201c erfolgt die Zahlungsabwicklung \u00fcber den Zahlungsdienstleister PayPal (Europe) S.\u00e0 r.l. et Cie, S.C.A., 22-24 Boulevard Royal, L-2449 Luxembourg (im Folgenden: \u201ePayPal\u201c), unter Geltung der PayPal-Nutzungsbedingungen, einsehbar unter https:\/\/www.paypal.com\/de\/webapps\/mpp\/ua\/useragreement-full oder &#8211; falls der Kunde nicht \u00fcber ein PayPal-Konto verf\u00fcgt \u2013 unter Geltung der Bedingungen f\u00fcr Zahlungen ohne PayPal-Konto, einsehbar unter https:\/\/www.paypal.com\/de\/webapps\/mpp\/ua\/privacywax-full. W\u00e4hlt der Kunde im Rahmen des Online-Bestellvorgangs \u201ePayPal Express\u201c als Zahlungsart aus, erteilt er durch Klicken des den Bestellvorgang abschlie\u00dfenden Buttons zugleich auch einen Zahlungsauftrag an PayPal. F\u00fcr diesen Fall erkl\u00e4rt der Verk\u00e4ufer schon jetzt die Annahme des Angebots des Kunden in dem Zeitpunkt, in dem der Kunde durch Klicken des den Bestellvorgang abschlie\u00dfenden Buttons den Zahlungsvorgang ausl\u00f6st.<\/p>\n<p><b>2.5<\/b>\u2009Bei der Abgabe eines Angebots \u00fcber das Online-Bestellformular des Verk\u00e4ufers wird der Vertragstext nach dem Vertragsschluss vom Verk\u00e4ufer gespeichert und dem Kunden nach Absendung von dessen Bestellung in Textform (z. B. E-Mail, Fax oder Brief) \u00fcbermittelt. Eine dar\u00fcber hinausgehende Zug\u00e4nglichmachung des Vertragstextes durch den Verk\u00e4ufer erfolgt nicht. Sofern der Kunde vor Absendung seiner Bestellung ein Nutzerkonto im Online-Shop des Verk\u00e4ufers eingerichtet hat, werden die Bestelldaten auf der Website des Verk\u00e4ufers archiviert und k\u00f6nnen vom Kunden \u00fcber dessen passwortgesch\u00fctztes Nutzerkonto unter Angabe der entsprechenden Login-Daten kostenlos abgerufen werden.<\/p>\n<p><b>2.6<\/b>\u2009Vor verbindlicher Abgabe der Bestellung \u00fcber das Online-Bestellformular des Verk\u00e4ufers kann der Kunde m\u00f6gliche Eingabefehler durch aufmerksames Lesen der auf dem Bildschirm dargestellten Informationen erkennen. Ein wirksames technisches Mittel zur besseren Erkennung von Eingabefehlern kann dabei die Vergr\u00f6\u00dferungsfunktion des Browsers sein, mit deren Hilfe die Darstellung auf dem Bildschirm vergr\u00f6\u00dfert wird. Seine Eingaben kann der Kunde im Rahmen des elektronischen Bestellprozesses so lange \u00fcber die \u00fcblichen Tastatur- und Mausfunktionen korrigieren, bis er den den Bestellvorgang abschlie\u00dfenden Button anklickt.<\/p>\n<p><b>2.7<\/b>\u2009F\u00fcr den Vertragsschluss steht ausschlie\u00dflich die deutsche Sprache zur Verf\u00fcgung.<\/p>\n<p><b>2.8<\/b>\u2009Die Bestellabwicklung und Kontaktaufnahme finden in der Regel per E-Mail und automatisierter Bestellabwicklung statt. Der Kunde hat sicherzustellen, dass die von ihm zur Bestellabwicklung angegebene E-Mail-Adresse zutreffend ist, so dass unter dieser Adresse die vom Verk\u00e4ufer versandten E-Mails empfangen werden k\u00f6nnen. Insbesondere hat der Kunde bei dem Einsatz von SPAM-Filtern sicherzustellen, dass alle vom Verk\u00e4ufer oder von diesem mit der Bestellabwicklung beauftragten Dritten versandten E-Mails zugestellt werden k\u00f6nnen.<\/p>\n<h2>3) Widerrufsrecht<\/h2>\n<p><b>3.1<\/b>\u2009Verbrauchern steht grunds\u00e4tzlich ein Widerrufsrecht zu.<\/p>\n<p><b>3.2<\/b>\u2009N\u00e4here Informationen zum Widerrufsrecht ergeben sich aus der Widerrufsbelehrung des Verk\u00e4ufers.<\/p>\n<h2>4) Preise und Zahlungsbedingungen<\/h2>\n<p><b>4.1<\/b>\u2009Sofern sich aus der Produktbeschreibung des Verk\u00e4ufers nichts anderes ergibt, handelt es sich bei den angegebenen Preisen um Gesamtpreise, die die gesetzliche Umsatzsteuer enthalten. Gegebenenfalls zus\u00e4tzlich anfallende Liefer- und Versandkosten werden in der jeweiligen Produktbeschreibung gesondert angegeben.<\/p>\n<p><b>4.2<\/b>\u2009Die Zahlungsm\u00f6glichkeit\/en wird\/werden dem Kunden im Online-Shop des Verk\u00e4ufers mitgeteilt.<\/p>\n<p><b>4.3<\/b>\u2009Ist Vorauskasse per Bank\u00fcberweisung vereinbart, ist die Zahlung sofort nach Vertragsabschluss f\u00e4llig, sofern die Parteien keinen sp\u00e4teren F\u00e4lligkeitstermin vereinbart haben.<\/p>\n<p><b>4.4<\/b>\u2009Bei Zahlung mittels einer von PayPal angebotenen Zahlungsart erfolgt die Zahlungsabwicklung \u00fcber den Zahlungsdienstleister PayPal (Europe) S.\u00e0 r.l. et Cie, S.C.A., 22-24 Boulevard Royal, L-2449 Luxembourg (im Folgenden: &#8222;PayPal&#8220;), unter Geltung der PayPal-Nutzungsbedingungen, einsehbar unter https:\/\/www.paypal.com\/de\/webapps\/mpp\/ua\/useragreement-full oder &#8211; falls der Kunde nicht \u00fcber ein PayPal-Konto verf\u00fcgt \u2013 unter Geltung der Bedingungen f\u00fcr Zahlungen ohne PayPal-Konto, einsehbar unter https:\/\/www.paypal.com\/de\/webapps\/mpp\/ua\/privacywax-full.<\/p>\n<p>Bei Auswahl der Zahlungsart \u201eRatenkauf by easyCredit\u201c erfolgt die Zahlungsabwicklung \u00fcber die TeamBank AG N\u00fcrnberg, Beuthener Stra\u00dfe 25, 90471 N\u00fcrnberg (im folgenden \u201eTeamBank AG\u201c), an die der Verk\u00e4ufer seine Zahlungsforderung abtritt. Vor Annahme der Abtretungserkl\u00e4rung des Verk\u00e4ufers f\u00fchrt die TeamBank AG unter Verwendung der \u00fcbermittelten Kundendaten eine Bonit\u00e4tspr\u00fcfung durch. Der Verk\u00e4ufer beh\u00e4lt sich vor, dem Kunden die Zahlungsart \u201eRatenkauf by easyCredit\u201c im Falle eines negativen Pr\u00fcfungsergebnisses zu verweigern. Wird die Zahlungsart \u201eRatenkauf by easyCredit\u201c von der TeamBank AG zugelassen, hat der Kunde den Rechnungsbetrag zu den vom Verk\u00e4ufer festgelegten Konditionen, die ihm im Online-Shop des Verk\u00e4ufers mitgeteilt werden, an die TeamBank AG zu bezahlen. Er kann in diesem Fall nur an die TeamBank AG mit schuldbefreiender Wirkung leisten. Der Verk\u00e4ufer bleibt jedoch auch im Falle der Forderungsabtretung zust\u00e4ndig f\u00fcr allgemeine Kundenanfragen z. B. zur Ware, Lieferzeit, Versendung, Retouren, Reklamationen, Widerrufserkl\u00e4rungen und -zusendungen oder Gutschriften. Erg\u00e4nzend gelten die Allgemeinen Gesch\u00e4ftsbedingungen zum Ratenkauf by easyCredit, die im Internet unter https:\/\/www.easycredit-ratenkauf.de\/download\/rk_ergaenzende_AGB_zum_ratenkauf_by-easycredit_2.0.pdf abgerufen werden k\u00f6nnen.<\/p>\n<h2>5) Liefer- und Versandbedingungen<\/h2>\n<p><b>5.1<\/b>\u2009Die Lieferung von Waren erfolgt auf dem Versandweg an die vom Kunden angegebene Lieferanschrift, sofern nichts anderes vereinbart ist. Bei der Abwicklung der Transaktion ist die in der Bestellabwicklung des Verk\u00e4ufers angegebene Lieferanschrift ma\u00dfgeblich.<\/p>\n<p><b>5.2<\/b>\u2009Sendet das Transportunternehmen die versandte Ware an den Verk\u00e4ufer zur\u00fcck, da eine Zustellung beim Kunden nicht m\u00f6glich war, tr\u00e4gt der Kunde die Kosten f\u00fcr den erfolglosen Versand. Dies gilt nicht, wenn der Kunde den Umstand, der zur Unm\u00f6glichkeit der Zustellung gef\u00fchrt hat, nicht zu vertreten hat oder wenn er vor\u00fcbergehend an der Annahme der angebotenen Leistung verhindert war, es sei denn, dass der Verk\u00e4ufer ihm die Leistung eine angemessene Zeit vorher angek\u00fcndigt hatte. Ferner gilt dies im Hinblick auf die Kosten f\u00fcr die Hinsendung nicht, wenn der Kunde sein Widerrufsrecht wirksam aus\u00fcbt. F\u00fcr die R\u00fccksendekosten gilt bei wirksamer Aus\u00fcbung des Widerrufsrechts durch den Kunden die in der Widerrufsbelehrung des Verk\u00e4ufers hierzu getroffene Regelung.<\/p>\n<p><b>5.3<\/b>\u2009Bei Selbstabholung informiert der Verk\u00e4ufer den Kunden zun\u00e4chst per E-Mail dar\u00fcber, dass die von ihm bestellte Ware zur Abholung bereit steht. Nach Erhalt dieser E-Mail kann der Kunde die Ware nach Absprache mit dem Verk\u00e4ufer am Sitz des Verk\u00e4ufers abholen. In diesem Fall werden keine Versandkosten berechnet.<\/p>\n<p><b>5.4<\/b>\u2009Gutscheine werden dem Kunden wie folgt \u00fcberlassen:<\/p>\n<ul>\n<li>per Download<\/li>\n<li>per E-Mail<\/li>\n<li>postalisch<\/li>\n<\/ul>\n<h2>6) Eigentumsvorbehalt<\/h2>\n<p>Tritt der Verk\u00e4ufer in Vorleistung, beh\u00e4lt er sich bis zur vollst\u00e4ndigen Bezahlung des geschuldeten Kaufpreises das Eigentum an der gelieferten Ware vor.<\/p>\n<h2>7) M\u00e4ngelhaftung (Gew\u00e4hrleistung)<\/h2>\n<p><b>7.1<\/b>\u2009Ist die Kaufsache mangelhaft, gelten die Vorschriften der gesetzlichen M\u00e4ngelhaftung.<\/p>\n<p><b>7.2<\/b>\u2009Abweichend hiervon gilt bei gebrauchten Waren: M\u00e4ngelanspr\u00fcche sind ausgeschlossen, wenn der Mangel erst nach Ablauf eines Jahres ab Ablieferung der Ware auftritt. M\u00e4ngel, die innerhalb eines Jahres ab Ablieferung der Ware auftreten, k\u00f6nnen innerhalb der gesetzlichen Verj\u00e4hrungsfrist geltend gemacht werden. Die Verk\u00fcrzung der Haftungsdauer auf ein Jahr gilt jedoch nicht<\/p>\n<ul>\n<li>f\u00fcr Sachen, die entsprechend ihrer \u00fcblichen Verwendungsweise f\u00fcr ein Bauwerk verwendet worden sind und dessen Mangelhaftigkeit verursacht haben,<\/li>\n<li>f\u00fcr Schadensersatz- und Aufwendungsersatzanspr\u00fcche des Kunden, sowie<\/li>\n<li>f\u00fcr den Fall, dass der Verk\u00e4ufer den Mangel arglistig verschwiegen hat.<\/li>\n<\/ul>\n<p><b>7.3<\/b>\u2009Der Kunde wird gebeten, angelieferte Waren mit offensichtlichen Transportsch\u00e4den bei dem Zusteller zu reklamieren und den Verk\u00e4ufer hiervon in Kenntnis zu setzen. Kommt der Kunde dem nicht nach, hat dies keinerlei Auswirkungen auf seine gesetzlichen oder vertraglichen M\u00e4ngelanspr\u00fcche.<\/p>\n<h2>8) Besondere Bedingungen f\u00fcr Montage-\/Einbauleistungen<\/h2>\n<p>Schuldet der Verk\u00e4ufer nach dem Inhalt des Vertrages neben der Warenlieferung auch die Montage bzw. den Einbau der Ware beim Kunden sowie ggf. entsprechende Vorbereitungsma\u00dfnahmen (z. B. Aufma\u00df), so gilt hierf\u00fcr Folgendes:<\/p>\n<p><b>8.1<\/b>\u2009Der Verk\u00e4ufer erbringt seine Leistungen nach seiner Wahl in eigener Person oder durch qualifiziertes, von ihm ausgew\u00e4hltes Personal. Dabei kann sich der Verk\u00e4ufer auch der Leistungen Dritter (Subunternehmer) bedienen, die in seinem Auftrag t\u00e4tig werden. Sofern sich aus der Leistungsbeschreibung des Verk\u00e4ufers nichts anderes ergibt, hat der Kunde keinen Anspruch auf Auswahl einer bestimmten Person zur Durchf\u00fchrung der gew\u00fcnschten Dienstleistung.<\/p>\n<p><b>8.2<\/b>\u2009Der Kunde hat dem Verk\u00e4ufer die f\u00fcr die Erbringung der geschuldeten Dienstleistung erforderlichen Informationen vollst\u00e4ndig und wahrheitsgem\u00e4\u00df zur Verf\u00fcgung zu stellen, sofern deren Beschaffung nach dem Inhalt des Vertrages nicht in den Pflichtenkreis des Verk\u00e4ufers f\u00e4llt.<\/p>\n<p><b>8.3<\/b>\u2009Der Verk\u00e4ufer wird sich nach Vertragsschluss mit dem Kunden in Verbindung setzen, um mit diesem einen Termin f\u00fcr die geschuldete Leistung zu vereinbaren. Der Kunde tr\u00e4gt daf\u00fcr Sorge, dass der Verk\u00e4ufer bzw. das von diesem beauftragte Personal zum vereinbarten Termin Zugang zu den betreffenden Einrichtungen des Kunden hat.<\/p>\n<h2>9) Einl\u00f6sung von Aktionsgutscheinen<\/h2>\n<p><b>9.1<\/b>\u2009Gutscheine, die vom Verk\u00e4ufer im Rahmen von Werbeaktionen mit einer bestimmten G\u00fcltigkeitsdauer unentgeltlich ausgegeben werden und die vom Kunden nicht k\u00e4uflich erworben werden k\u00f6nnen (nachfolgend &#8222;Aktionsgutscheine&#8220;), k\u00f6nnen nur im Online-Shop des Verk\u00e4ufers und nur im angegebenen Zeitraum eingel\u00f6st werden.<\/p>\n<p><b>9.2<\/b>\u2009Aktionsgutscheine k\u00f6nnen nur von Verbrauchern eingel\u00f6st werden.<\/p>\n<p><b>9.3<\/b>\u2009Einzelne Produkte k\u00f6nnen von der Gutscheinaktion ausgeschlossen sein, sofern sich eine entsprechende Einschr\u00e4nkung aus dem Inhalt des Aktionsgutscheins ergibt.<\/p>\n<p><b>9.4<\/b>\u2009Aktionsgutscheine k\u00f6nnen nur vor Abschluss des Bestellvorgangs eingel\u00f6st werden. Eine nachtr\u00e4gliche Verrechnung ist nicht m\u00f6glich.<\/p>\n<p><b>9.5<\/b>\u2009Pro Bestellung kann immer nur ein Aktionsgutschein eingel\u00f6st werden.<\/p>\n<p><b>9.6<\/b>\u2009Der Warenwert muss mindestens dem Betrag des Aktionsgutscheins entsprechen. Etwaiges Restguthaben wird vom Verk\u00e4ufer nicht erstattet.<\/p>\n<p><b>9.7<\/b>\u2009Reicht der Wert des Aktionsgutscheins zur Deckung der Bestellung nicht aus, kann zur Begleichung des Differenzbetrages eine der \u00fcbrigen vom Verk\u00e4ufer angebotenen Zahlungsarten gew\u00e4hlt werden.<\/p>\n<p><b>9.8<\/b>\u2009Das Guthaben eines Aktionsgutscheins wird weder in Bargeld ausgezahlt noch verzinst.<\/p>\n<p><b>9.9<\/b>\u2009Der Aktionsgutschein wird nicht erstattet, wenn der Kunde die mit dem Aktionsgutschein ganz oder teilweise bezahlte Ware im Rahmen seines gesetzlichen Widerrufsrechts zur\u00fcckgibt.<\/p>\n<p><b>9.10<\/b>\u2009Der Aktionsgutschein ist nur f\u00fcr die Verwendung durch die auf ihm benannte Person bestimmt. Eine \u00dcbertragung des Aktionsgutscheins auf Dritte ist ausgeschlossen. Der Verk\u00e4ufer ist berechtigt, jedoch nicht verpflichtet, die materielle Anspruchsberechtigung des jeweiligen Gutscheininhabers zu pr\u00fcfen.<\/p>\n<h2>10) Einl\u00f6sung von Geschenkgutscheinen<\/h2>\n<p><b>10.1<\/b>\u2009Gutscheine, die \u00fcber den Online-Shop des Verk\u00e4ufers k\u00e4uflich erworben werden k\u00f6nnen (nachfolgend &#8222;Geschenkgutscheine&#8220;), k\u00f6nnen nur im Online-Shop des Verk\u00e4ufers eingel\u00f6st werden, sofern sich aus dem Gutschein nichts anderes ergibt.<\/p>\n<p><b>10.2<\/b>\u2009Geschenkgutscheine und Restguthaben von Geschenkgutscheinen sind bis zum Ende des dritten Jahres nach dem Jahr des Gutscheinkaufs einl\u00f6sbar. Restguthaben werden dem Kunden bis zum Ablaufdatum gutgeschrieben.<\/p>\n<p><b>10.3<\/b>\u2009Geschenkgutscheine k\u00f6nnen nur vor Abschluss des Bestellvorgangs eingel\u00f6st werden. Eine nachtr\u00e4gliche Verrechnung ist nicht m\u00f6glich.<\/p>\n<p><b>10.4<\/b>\u2009Bei einer Bestellung k\u00f6nnen auch mehrere Geschenkgutscheine eingel\u00f6st werden.<\/p>\n<p><b>10.5<\/b>\u2009Geschenkgutscheine k\u00f6nnen nur f\u00fcr den Kauf von Waren und nicht f\u00fcr den Kauf von weiteren Geschenkgutscheinen verwendet werden.<\/p>\n<p><b>10.6<\/b>\u2009Reicht der Wert des Geschenkgutscheins zur Deckung der Bestellung nicht aus, kann zur Begleichung des Differenzbetrages eine der \u00fcbrigen vom Verk\u00e4ufer angebotenen Zahlungsarten gew\u00e4hlt werden.<\/p>\n<p><b>10.7<\/b>\u2009Das Guthaben eines Geschenkgutscheins wird weder in Bargeld ausgezahlt noch verzinst.<\/p>\n<p><b>10.8<\/b>\u2009Der Geschenkgutschein ist \u00fcbertragbar. Der Verk\u00e4ufer kann mit befreiender Wirkung an den jeweiligen Inhaber, der den Geschenkgutschein im Online-Shop des Verk\u00e4ufers einl\u00f6st, leisten. Dies gilt nicht, wenn der Verk\u00e4ufer Kenntnis oder grob fahrl\u00e4ssige Unkenntnis von der Nichtberechtigung, der Gesch\u00e4ftsunf\u00e4higkeit oder der fehlenden Vertretungsberechtigung des jeweiligen Inhabers hat.<\/p>\n<h2>11) Anwendbares Recht<\/h2>\n<p>F\u00fcr s\u00e4mtliche Rechtsbeziehungen der Parteien gilt das Recht der Bundesrepublik Deutschland unter Ausschluss der Gesetze \u00fcber den internationalen Kauf beweglicher Waren. Bei Verbrauchern gilt diese Rechtswahl nur insoweit, als nicht der gew\u00e4hrte Schutz durch zwingende Bestimmungen des Rechts des Staates, in dem der Verbraucher seinen gew\u00f6hnlichen Aufenthalt hat, entzogen wird.<\/p>\n<h2>12) Alternative Streitbeilegung<\/h2>\n<p><b>12.1<\/b>\u2009Die EU-Kommission stellt im Internet unter folgendem Link eine Plattform zur Online-Streitbeilegung bereit: https:\/\/ec.europa.eu\/consumers\/odr<\/p>\n<p>Diese Plattform dient als Anlaufstelle zur au\u00dfergerichtlichen Beilegung von Streitigkeiten aus Online-Kauf- oder Dienstleistungsvertr\u00e4gen, an denen ein Verbraucher beteiligt ist.<\/p>\n<p><b>12.2<\/b>\u2009Der Verk\u00e4ufer ist zur Teilnahme an einem Streitbeilegungsverfahren vor einer Verbraucherschlichtungsstelle weder verpflichtet noch bereit.<\/p>\n","protected":false},"excerpt":{"rendered":"<p>Allgemeine Gesch\u00e4ftsbedingungen mit Kundeninformationen Inhaltsverzeichnis Geltungsbereich Vertragsschluss Widerrufsrecht Preise und Zahlungsbedingungen Liefer- und Versandbedingungen Eigentumsvorbehalt M\u00e4ngelhaftung (Gew\u00e4hrleistung) Besondere Bedingungen f\u00fcr [&hellip;]<\/p>\n","protected":false},"author":1,"featured_media":0,"parent":0,"menu_order":0,"comment_status":"closed","ping_status":"closed","template":"","meta":{"site-sidebar-layout":"default","site-content-layout":"","ast-site-content-layout":"","site-content-style":"default","site-sidebar-style":"default","ast-global-header-display":"","ast-banner-title-visibility":"","ast-main-header-display":"","ast-hfb-above-header-display":"","ast-hfb-below-header-display":"","ast-hfb-mobile-header-display":"","site-post-title":"","ast-breadcrumbs-content":"","ast-featured-img":"","footer-sml-layout":"","theme-transparent-header-meta":"","adv-header-id-meta":"","stick-header-meta":"","header-above-stick-meta":"","header-main-stick-meta":"","header-below-stick-meta":"","astra-migrate-meta-layouts":"default","ast-page-background-enabled":"default","ast-page-background-meta":{"desktop":{"background-color":"var(--ast-global-color-4)","background-image":"","background-repeat":"repeat","background-position":"center center","background-size":"auto","background-attachment":"scroll","background-type":"","background-media":"","overlay-type":"","overlay-color":"","overlay-opacity":"","overlay-gradient":""},"tablet":{"background-color":"","background-image":"","background-repeat":"repeat","background-position":"center center","background-size":"auto","background-attachment":"scroll","background-type":"","background-media":"","overlay-type":"","overlay-color":"","overlay-opacity":"","overlay-gradient":""},"mobile":{"background-color":"","background-image":"","background-repeat":"repeat","background-position":"center center","background-size":"auto","background-attachment":"scroll","background-type":"","background-media":"","overlay-type":"","overlay-color":"","overlay-opacity":"","overlay-gradient":""}},"ast-content-background-meta":{"desktop":{"background-color":"var(--ast-global-color-5)","background-image":"","background-repeat":"repeat","background-position":"center center","background-size":"auto","background-attachment":"scroll","background-type":"","background-media":"","overlay-type":"","overlay-color":"","overlay-opacity":"","overlay-gradient":""},"tablet":{"background-color":"var(--ast-global-color-5)","background-image":"","background-repeat":"repeat","background-position":"center center","background-size":"auto","background-attachment":"scroll","background-type":"","background-media":"","overlay-type":"","overlay-color":"","overlay-opacity":"","overlay-gradient":""},"mobile":{"background-color":"var(--ast-global-color-5)","background-image":"","background-repeat":"repeat","background-position":"center center","background-size":"auto","background-attachment":"scroll","background-type":"","background-media":"","overlay-type":"","overlay-color":"","overlay-opacity":"","overlay-gradient":""}},"footnotes":""},"class_list":["post-80","page","type-page","status-publish","hentry"],"_links":{"self":[{"href":"https:\/\/fotobraun.de\/index.php?rest_route=\/wp\/v2\/pages\/80"}],"collection":[{"href":"https:\/\/fotobraun.de\/index.php?rest_route=\/wp\/v2\/pages"}],"about":[{"href":"https:\/\/fotobraun.de\/index.php?rest_route=\/wp\/v2\/types\/page"}],"author":[{"embeddable":true,"href":"https:\/\/fotobraun.de\/index.php?rest_route=\/wp\/v2\/users\/1"}],"replies":[{"embeddable":true,"href":"https:\/\/fotobraun.de\/index.php?rest_route=%2Fwp%2Fv2%2Fcomments&post=80"}],"version-history":[{"count":5,"href":"https:\/\/fotobraun.de\/index.php?rest_route=\/wp\/v2\/pages\/80\/revisions"}],"predecessor-version":[{"id":858,"href":"https:\/\/fotobraun.de\/index.php?rest_route=\/wp\/v2\/pages\/80\/revisions\/858"}],"wp:attachment":[{"href":"https:\/\/fotobraun.de\/index.php?rest_route=%2Fwp%2Fv2%2Fmedia&parent=80"}],"curies":[{"name":"wp","href":"https:\/\/api.w.org\/{rel}","templated":true}]}}