{"id":1086,"date":"2019-09-15T10:09:33","date_gmt":"2019-09-15T10:09:33","guid":{"rendered":"https:\/\/fotobraun.de\/?post_type=product&#038;p=1086"},"modified":"2024-05-01T21:28:04","modified_gmt":"2024-05-01T21:28:04","slug":"i-love-myself-fotoshooting","status":"publish","type":"product","link":"https:\/\/fotobraun.de\/?product=i-love-myself-fotoshooting","title":{"rendered":"Balancing Fotoshooting"},"content":{"rendered":"<h2><strong>Balancing Fotoshooting im Loft Studio Braun in Metzingen incl. Bars Balancing Session<\/strong><\/h2>\n<p><strong>F\u00fcr alle die ein Problem \u00a0mit Ihrem Aussehen haben.<\/strong> Vor deinem Fotoshooting beginnen wir mit einer Bars Balancing Session danach kommt dein Fotoshooting. Bars Balancing unterst\u00fctzt dich dabei mit deiner \u00e4u\u00dferen Erscheinung in Einklang zu kommen. Bars Balancing kann noch viel mehr als das.<\/p>\n<p>&nbsp;<\/p>\n","protected":false},"excerpt":{"rendered":"<p><strong>F\u00fcr alle die ein Problem mit Ihrem Aussehen haben oder auch als Beauty- &amp; Wellnesseinlage vor dem Fotoshooting welche die\u00a0Sch\u00f6nheit von innen aktiviert.<\/strong> Vor deinem Fotoshooting beginnen wir mit einer Bars Balancing Session, danach kommt dein Fotoshooting. Bars Balancing unterst\u00fctzt dich dabei mit deiner \u00e4u\u00dferen Erscheinung in Einklang zu kommen und aktiviert deine eigene Sch\u00f6nheit von innen. Bars Balancing kann noch weit mehr als das. Schau dir einfach mal das Video weiter unten an.<\/p>\n<p><strong>Was w\u00e4re wenn genau dieses Fotoshooting notwendig w\u00e4re um dieses Problem zum \u00fcberwinden?<\/strong> Wenn du noch nicht bereit bist dich fotografieren zu lassen kannst du auch gerne zun\u00e4chst mal zu einer reinen <a href=\"https:\/\/fotobraun.de\/?product=gutschein-fuer-eine-bars-balancing-session\">Bars Balancing<\/a> Session zu uns kommen.<\/p>\n<p>Gutschein f\u00fcr Shooting mit ca. 150 Aufnahmen, bis zu drei Aufnahemeoptionen oder Outfits, incl. digital Makeup<br \/>\nm\u00f6gliche Aufnahmearten: Portrait &amp; Fashion<\/p>\n<p><a href=\"https:\/\/fotobraun.de\/?product_cat=zusatzoptionen-beim-shooting\">Weitere Zusatzoptionen zu deinem Shooting<\/a><\/p>\n<p>Terminvereinbarung\u00a0indem Sie auf<a href=\"https:\/\/fotobraun.de\/?page_id=237\"><strong> TERMINE DIREKT BUCHEN<\/strong><\/a> klicken oder bei uns anrufen.<br \/>\nSie k\u00f6nnen einen Termin zum Fotoshooting sofort vereinbaren oder auch sp\u00e4ter. Sie haben gen\u00fcgend Zeit zur Verf\u00fcgung denn dieser Gutschein verf\u00e4llt erst nach 2 Jahren.<\/p>\n<p>Der <b>Umtausch<\/b> <b>in ein anderes Fotoshooting<\/b> aus unserem Angebot ist jederzeit ohne zus\u00e4tzliche Geb\u00fchr m\u00f6glich.<br \/>\nWeitere Infos zum Ablauf Ihres Fotoshooting <a href=\"http:\/\/braunfoto.de\/?page_id=134\">Fragen &amp; Antworten FAQ<\/a><\/p>\n","protected":false},"featured_media":1106,"comment_status":"open","ping_status":"closed","template":"","meta":{"site-sidebar-layout":"default","site-content-layout":"","ast-site-content-layout":"default","site-content-style":"default","site-sidebar-style":"default","ast-global-header-display":"","ast-banner-title-visibility":"","ast-main-header-display":"","ast-hfb-above-header-display":"","ast-hfb-below-header-display":"","ast-hfb-mobile-header-display":"","site-post-title":"","ast-breadcrumbs-content":"","ast-featured-img":"","footer-sml-layout":"","theme-transparent-header-meta":"default","adv-header-id-meta":"","stick-header-meta":"","header-above-stick-meta":"","header-main-stick-meta":"","header-below-stick-meta":"","astra-migrate-meta-layouts":"set","ast-page-background-enabled":"default","ast-page-background-meta":{"desktop":{"background-color":"var(--ast-global-color-4)","background-image":"","background-repeat":"repeat","background-position":"center center","background-size":"auto","background-attachment":"scroll","background-type":"","background-media":"","overlay-type":"","overlay-color":"","overlay-opacity":"","overlay-gradient":""},"tablet":{"background-color":"","background-image":"","background-repeat":"repeat","background-position":"center center","background-size":"auto","background-attachment":"scroll","background-type":"","background-media":"","overlay-type":"","overlay-color":"","overlay-opacity":"","overlay-gradient":""},"mobile":{"background-color":"","background-image":"","background-repeat":"repeat","background-position":"center center","background-size":"auto","background-attachment":"scroll","background-type":"","background-media":"","overlay-type":"","overlay-color":"","overlay-opacity":"","overlay-gradient":""}},"ast-content-background-meta":{"desktop":{"background-color":"var(--ast-global-color-5)","background-image":"","background-repeat":"repeat","background-position":"center center","background-size":"auto","background-attachment":"scroll","background-type":"","background-media":"","overlay-type":"","overlay-color":"","overlay-opacity":"","overlay-gradient":""},"tablet":{"background-color":"var(--ast-global-color-5)","background-image":"","background-repeat":"repeat","background-position":"center center","background-size":"auto","background-attachment":"scroll","background-type":"","background-media":"","overlay-type":"","overlay-color":"","overlay-opacity":"","overlay-gradient":""},"mobile":{"background-color":"var(--ast-global-color-5)","background-image":"","background-repeat":"repeat","background-position":"center center","background-size":"auto","background-attachment":"scroll","background-type":"","background-media":"","overlay-type":"","overlay-color":"","overlay-opacity":"","overlay-gradient":""}}},"product_brand":[],"product_cat":[50,51,52,53,16,39,42,41],"product_tag":[],"class_list":{"0":"post-1086","1":"product","2":"type-product","3":"status-publish","4":"has-post-thumbnail","6":"product_cat-bewerbungsfotoshootings-business-portraits","7":"product_cat-business-portraits","8":"product_cat-freunde-foto-love-fuer-zwei","9":"product_cat-portrait","10":"product_cat-fotoshootings","11":"product_cat-1beautyfashion","12":"product_cat-3top-specilaties","13":"product_cat-bewerbungsbilder-business-portraits","14":"product_shipping_class-versandpauschale","15":"desktop-align-left","16":"tablet-align-left","17":"mobile-align-left","19":"first","20":"instock","21":"taxable","22":"shipping-taxable","23":"purchasable","24":"product-type-simple"},"_links":{"self":[{"href":"https:\/\/fotobraun.de\/index.php?rest_route=\/wp\/v2\/product\/1086"}],"collection":[{"href":"https:\/\/fotobraun.de\/index.php?rest_route=\/wp\/v2\/product"}],"about":[{"href":"https:\/\/fotobraun.de\/index.php?rest_route=\/wp\/v2\/types\/product"}],"replies":[{"embeddable":true,"href":"https:\/\/fotobraun.de\/index.php?rest_route=%2Fwp%2Fv2%2Fcomments&post=1086"}],"version-history":[{"count":5,"href":"https:\/\/fotobraun.de\/index.php?rest_route=\/wp\/v2\/product\/1086\/revisions"}],"predecessor-version":[{"id":1119,"href":"https:\/\/fotobraun.de\/index.php?rest_route=\/wp\/v2\/product\/1086\/revisions\/1119"}],"wp:featuredmedia":[{"embeddable":true,"href":"https:\/\/fotobraun.de\/index.php?rest_route=\/wp\/v2\/media\/1106"}],"wp:attachment":[{"href":"https:\/\/fotobraun.de\/index.php?rest_route=%2Fwp%2Fv2%2Fmedia&parent=1086"}],"wp:term":[{"taxonomy":"product_brand","embeddable":true,"href":"https:\/\/fotobraun.de\/index.php?rest_route=%2Fwp%2Fv2%2Fproduct_brand&post=1086"},{"taxonomy":"product_cat","embeddable":true,"href":"https:\/\/fotobraun.de\/index.php?rest_route=%2Fwp%2Fv2%2Fproduct_cat&post=1086"},{"taxonomy":"product_tag","embeddable":true,"href":"https:\/\/fotobraun.de\/index.php?rest_route=%2Fwp%2Fv2%2Fproduct_tag&post=1086"}],"curies":[{"name":"wp","href":"https:\/\/api.w.org\/{rel}","templated":true}]}}