{"id":15,"date":"2018-05-14T20:11:56","date_gmt":"2018-05-14T20:11:56","guid":{"rendered":"http:\/\/braunfoto.de\/?post_type=product&#038;p=15"},"modified":"2024-05-27T04:21:14","modified_gmt":"2024-05-27T04:21:14","slug":"fotoshooting","status":"publish","type":"product","link":"https:\/\/fotobraun.de\/?product=fotoshooting","title":{"rendered":"erotisches Fotoshooting mit Dessous bis Akt im Loft Studio Braun"},"content":{"rendered":"<p>&nbsp;<\/p>\n<p>Jedes Jahr im Fr\u00fchsommer spielt sich bei uns die gleiche Situation ab: wir setzen uns in den Kopf, mit der perfekten Bikinifigur in die Badesaison zu starten, und erwarten, dass dies auch \u00fcber Nacht geschieht. Wir huschen morgens schnell aus dem Bett, damit unser Partner unsere Problemzonen nicht zu Gesicht bekommt, und f\u00fchlen uns unerotisch, wenn wir an unserem Fernsehabend eine ganze T\u00fcte Chips auf einmal gegessen haben. Das Hast Du doch gar nicht n\u00f6tig! Nach Deinem Erotischen Fotoshooting in Metzingen wei\u00dft Du endlich, wie verdammt sexy Du bist!<\/p>\n","protected":false},"excerpt":{"rendered":"<p>Gutschein f\u00fcr Shooting mit ca. 150 Aufnahmen, bis zu drei Aufnahemeoptionen oder Outfits, incl. digital Make-up<br \/>\nm\u00f6gliche Aufnahmearten: Bademode, Dessous, Teilakt, Akt &amp; K\u00f6rperlandschaften<\/p>\n<p><a href=\"https:\/\/fotobraun.de\/?product_cat=zusatzoptionen-beim-shooting\">Weitere Zusatzoptionen zu deinem Shooting<\/a><\/p>\n<p>Terminvereinbarung\u00a0indem Sie auf<a href=\"https:\/\/fotobraun.de\/?page_id=237\"><strong> TERMINE DIREKT BUCHEN<\/strong><\/a> klicken oder bei uns anrufen.<br \/>\nSie k\u00f6nnen einen Termin zum Fotoshooting sofort vereinbaren oder auch sp\u00e4ter. Sie haben gen\u00fcgend Zeit zur Verf\u00fcgung denn dieser Gutschein verf\u00e4llt erst nach 2 Jahren.<\/p>\n<p>Der <b>Umtausch<\/b> <b>in ein anderes Fotoshooting<\/b> aus unserem Angebot ist jederzeit ohne zus\u00e4tzliche Geb\u00fchr m\u00f6glich.<br \/>\nWeitere Infos zum Ablauf Ihres Fotoshooting <a href=\"http:\/\/braunfoto.de\/?page_id=134\">Fragen &amp; Antworten FAQ<\/a><\/p>\n<p>&nbsp;<\/p>\n","protected":false},"featured_media":1744,"comment_status":"open","ping_status":"closed","template":"","meta":{"site-sidebar-layout":"default","site-content-layout":"","ast-site-content-layout":"default","site-content-style":"default","site-sidebar-style":"default","ast-global-header-display":"","ast-banner-title-visibility":"","ast-main-header-display":"","ast-hfb-above-header-display":"","ast-hfb-below-header-display":"","ast-hfb-mobile-header-display":"","site-post-title":"","ast-breadcrumbs-content":"","ast-featured-img":"","footer-sml-layout":"","theme-transparent-header-meta":"default","adv-header-id-meta":"","stick-header-meta":"","header-above-stick-meta":"","header-main-stick-meta":"","header-below-stick-meta":"","astra-migrate-meta-layouts":"set","ast-page-background-enabled":"default","ast-page-background-meta":{"desktop":{"background-color":"var(--ast-global-color-4)","background-image":"","background-repeat":"repeat","background-position":"center center","background-size":"auto","background-attachment":"scroll","background-type":"","background-media":"","overlay-type":"","overlay-color":"","overlay-opacity":"","overlay-gradient":""},"tablet":{"background-color":"","background-image":"","background-repeat":"repeat","background-position":"center center","background-size":"auto","background-attachment":"scroll","background-type":"","background-media":"","overlay-type":"","overlay-color":"","overlay-opacity":"","overlay-gradient":""},"mobile":{"background-color":"","background-image":"","background-repeat":"repeat","background-position":"center center","background-size":"auto","background-attachment":"scroll","background-type":"","background-media":"","overlay-type":"","overlay-color":"","overlay-opacity":"","overlay-gradient":""}},"ast-content-background-meta":{"desktop":{"background-color":"var(--ast-global-color-5)","background-image":"","background-repeat":"repeat","background-position":"center center","background-size":"auto","background-attachment":"scroll","background-type":"","background-media":"","overlay-type":"","overlay-color":"","overlay-opacity":"","overlay-gradient":""},"tablet":{"background-color":"var(--ast-global-color-5)","background-image":"","background-repeat":"repeat","background-position":"center center","background-size":"auto","background-attachment":"scroll","background-type":"","background-media":"","overlay-type":"","overlay-color":"","overlay-opacity":"","overlay-gradient":""},"mobile":{"background-color":"var(--ast-global-color-5)","background-image":"","background-repeat":"repeat","background-position":"center center","background-size":"auto","background-attachment":"scroll","background-type":"","background-media":"","overlay-type":"","overlay-color":"","overlay-opacity":"","overlay-gradient":""}}},"product_brand":[],"product_cat":[16,40],"product_tag":[],"class_list":{"0":"post-15","1":"product","2":"type-product","3":"status-publish","4":"has-post-thumbnail","6":"product_cat-fotoshootings","7":"product_cat-2aktdessous","8":"product_shipping_class-versandpauschale","9":"desktop-align-left","10":"tablet-align-left","11":"mobile-align-left","13":"first","14":"instock","15":"taxable","16":"shipping-taxable","17":"purchasable","18":"product-type-simple"},"_links":{"self":[{"href":"https:\/\/fotobraun.de\/index.php?rest_route=\/wp\/v2\/product\/15"}],"collection":[{"href":"https:\/\/fotobraun.de\/index.php?rest_route=\/wp\/v2\/product"}],"about":[{"href":"https:\/\/fotobraun.de\/index.php?rest_route=\/wp\/v2\/types\/product"}],"replies":[{"embeddable":true,"href":"https:\/\/fotobraun.de\/index.php?rest_route=%2Fwp%2Fv2%2Fcomments&post=15"}],"version-history":[{"count":3,"href":"https:\/\/fotobraun.de\/index.php?rest_route=\/wp\/v2\/product\/15\/revisions"}],"predecessor-version":[{"id":1487,"href":"https:\/\/fotobraun.de\/index.php?rest_route=\/wp\/v2\/product\/15\/revisions\/1487"}],"wp:featuredmedia":[{"embeddable":true,"href":"https:\/\/fotobraun.de\/index.php?rest_route=\/wp\/v2\/media\/1744"}],"wp:attachment":[{"href":"https:\/\/fotobraun.de\/index.php?rest_route=%2Fwp%2Fv2%2Fmedia&parent=15"}],"wp:term":[{"taxonomy":"product_brand","embeddable":true,"href":"https:\/\/fotobraun.de\/index.php?rest_route=%2Fwp%2Fv2%2Fproduct_brand&post=15"},{"taxonomy":"product_cat","embeddable":true,"href":"https:\/\/fotobraun.de\/index.php?rest_route=%2Fwp%2Fv2%2Fproduct_cat&post=15"},{"taxonomy":"product_tag","embeddable":true,"href":"https:\/\/fotobraun.de\/index.php?rest_route=%2Fwp%2Fv2%2Fproduct_tag&post=15"}],"curies":[{"name":"wp","href":"https:\/\/api.w.org\/{rel}","templated":true}]}}