{"id":293,"date":"2018-05-23T13:19:20","date_gmt":"2018-05-23T13:19:20","guid":{"rendered":"http:\/\/braunfoto.de\/?post_type=product&#038;p=293"},"modified":"2024-05-01T21:29:43","modified_gmt":"2024-05-01T21:29:43","slug":"familien-fotoshooting","status":"publish","type":"product","link":"https:\/\/fotobraun.de\/?product=familien-fotoshooting","title":{"rendered":"Familien Fotoshooting"},"content":{"rendered":"<h2>Familien Fotoshooting im Loft Studio Braun in Metzingen<\/h2>\n<p>Du willst Dein Familiengl\u00fcck deinen Freunden und Verwandten zeigen und schaffst es au\u00dferdem nie alle auf ein gemeinsames Foto zu bekommen, auf dem dann auch noch alle nett aussehen? Daf\u00fcr wird Dir jetzt eine super Gelegenheit beim Familien Fotoshooting f\u00fcr Neugeborene, Kids und Familien in Metzingen geboten.<\/p>\n<p>Bei einer Vorbesprechung zum Shooting kannst Du Dich beraten lassen, wie Deine Familie aufgenommen werden soll. Eurer eigenen Kreativit\u00e4t sind keine Grenzen gesetzt. Bevor es dann losgeht, sucht Ihr Euch unter fachm\u00e4nnischer Anleitung noch Outfits aus und ab geht\u2019s ins Fotoatelier mit seinen verschiedenen Lichtquellen und Beleuchtungssituationen oder in den Outdoor-Bereich, wo Ihr Euer sch\u00f6nstes L\u00e4cheln zeigen d\u00fcrft.<\/p>\n<p>Bei der danach folgenden Bilderauswahl am Gro\u00dfbildmonitior sucht Ihr Euch unter professioneller Anleitung und einem Getr\u00e4nk eurer Wahl die Bilder aus, auf denen Ihr Euer Gl\u00fcck am sch\u00f6nsten ausstrahlt.<\/p>\n<p>Falls Ihr Euch dort noch nicht einigen k\u00f6nnt, seht Ihr Euch ganz bequem von zu Hause aus alle Fotos in einer \u201eOnline Bildergalerie\u201c an und bestellt sie dann von dort.<\/p>\n<p>Mit diesem Familien Fotoshooting in Metzingen kannst Du Deinen Verwandten zu allen erdenklichen Anl\u00e4ssen eine Freude bereiten und die Fotos werden Dich auch selbst noch lange an diesen au\u00dfergew\u00f6hnlichen Familientag erinnern.<\/p>\n","protected":false},"excerpt":{"rendered":"<p>Gutschein f\u00fcr Shooting mit ca. 100 Aufnahmen, bis zu zwei Aufnahemeoptionen oder Outfits, bis zu 5 Personen ( oder 4 Personen plus ein Haustier )<\/p>\n<p>m\u00f6gliche Aufnahmearten: Portrait &amp; Fashion<\/p>\n<p><a href=\"https:\/\/fotobraun.de\/?product_cat=zusatzoptionen-beim-shooting\">Weitere Zusatzoptionen zu deinem Shooting<\/a><\/p>\n<p>Terminvereinbarung\u00a0indem Sie auf<a href=\"https:\/\/fotobraun.de\/?page_id=237\"><strong> TERMINE DIREKT BUCHEN<\/strong><\/a> klicken oder bei uns anrufen.<br \/>\nSie k\u00f6nnen einen Termin zum Fotoshooting sofort vereinbaren oder auch sp\u00e4ter. Sie haben gen\u00fcgend Zeit zur Verf\u00fcgung denn dieser Gutschein verf\u00e4llt erst nach 2 Jahren.<\/p>\n<p>Der <b>Umtausch<\/b> <b>in ein anderes Fotoshooting<\/b> aus unserem Angebot ist jederzeit ohne zus\u00e4tzliche Geb\u00fchr m\u00f6glich.<br \/>\nWeitere Infos zum Ablauf Ihres Fotoshooting <a href=\"http:\/\/braunfoto.de\/?page_id=134\">Fragen &amp; Antworten FAQ<\/a><\/p>\n","protected":false},"featured_media":294,"comment_status":"open","ping_status":"closed","template":"","meta":{"site-sidebar-layout":"default","site-content-layout":"","ast-site-content-layout":"","site-content-style":"default","site-sidebar-style":"default","ast-global-header-display":"","ast-banner-title-visibility":"","ast-main-header-display":"","ast-hfb-above-header-display":"","ast-hfb-below-header-display":"","ast-hfb-mobile-header-display":"","site-post-title":"","ast-breadcrumbs-content":"","ast-featured-img":"","footer-sml-layout":"","theme-transparent-header-meta":"","adv-header-id-meta":"","stick-header-meta":"","header-above-stick-meta":"","header-main-stick-meta":"","header-below-stick-meta":"","astra-migrate-meta-layouts":"default","ast-page-background-enabled":"default","ast-page-background-meta":{"desktop":{"background-color":"var(--ast-global-color-4)","background-image":"","background-repeat":"repeat","background-position":"center center","background-size":"auto","background-attachment":"scroll","background-type":"","background-media":"","overlay-type":"","overlay-color":"","overlay-opacity":"","overlay-gradient":""},"tablet":{"background-color":"","background-image":"","background-repeat":"repeat","background-position":"center center","background-size":"auto","background-attachment":"scroll","background-type":"","background-media":"","overlay-type":"","overlay-color":"","overlay-opacity":"","overlay-gradient":""},"mobile":{"background-color":"","background-image":"","background-repeat":"repeat","background-position":"center center","background-size":"auto","background-attachment":"scroll","background-type":"","background-media":"","overlay-type":"","overlay-color":"","overlay-opacity":"","overlay-gradient":""}},"ast-content-background-meta":{"desktop":{"background-color":"var(--ast-global-color-5)","background-image":"","background-repeat":"repeat","background-position":"center center","background-size":"auto","background-attachment":"scroll","background-type":"","background-media":"","overlay-type":"","overlay-color":"","overlay-opacity":"","overlay-gradient":""},"tablet":{"background-color":"var(--ast-global-color-5)","background-image":"","background-repeat":"repeat","background-position":"center center","background-size":"auto","background-attachment":"scroll","background-type":"","background-media":"","overlay-type":"","overlay-color":"","overlay-opacity":"","overlay-gradient":""},"mobile":{"background-color":"var(--ast-global-color-5)","background-image":"","background-repeat":"repeat","background-position":"center center","background-size":"auto","background-attachment":"scroll","background-type":"","background-media":"","overlay-type":"","overlay-color":"","overlay-opacity":"","overlay-gradient":""}}},"product_brand":[],"product_cat":[47,16],"product_tag":[],"class_list":{"0":"post-293","1":"product","2":"type-product","3":"status-publish","4":"has-post-thumbnail","6":"product_cat-sonstige-shootings","7":"product_cat-fotoshootings","8":"product_shipping_class-versandpauschale","9":"desktop-align-left","10":"tablet-align-left","11":"mobile-align-left","13":"first","14":"instock","15":"taxable","16":"shipping-taxable","17":"purchasable","18":"product-type-simple"},"_links":{"self":[{"href":"https:\/\/fotobraun.de\/index.php?rest_route=\/wp\/v2\/product\/293"}],"collection":[{"href":"https:\/\/fotobraun.de\/index.php?rest_route=\/wp\/v2\/product"}],"about":[{"href":"https:\/\/fotobraun.de\/index.php?rest_route=\/wp\/v2\/types\/product"}],"replies":[{"embeddable":true,"href":"https:\/\/fotobraun.de\/index.php?rest_route=%2Fwp%2Fv2%2Fcomments&post=293"}],"version-history":[{"count":3,"href":"https:\/\/fotobraun.de\/index.php?rest_route=\/wp\/v2\/product\/293\/revisions"}],"predecessor-version":[{"id":1475,"href":"https:\/\/fotobraun.de\/index.php?rest_route=\/wp\/v2\/product\/293\/revisions\/1475"}],"wp:featuredmedia":[{"embeddable":true,"href":"https:\/\/fotobraun.de\/index.php?rest_route=\/wp\/v2\/media\/294"}],"wp:attachment":[{"href":"https:\/\/fotobraun.de\/index.php?rest_route=%2Fwp%2Fv2%2Fmedia&parent=293"}],"wp:term":[{"taxonomy":"product_brand","embeddable":true,"href":"https:\/\/fotobraun.de\/index.php?rest_route=%2Fwp%2Fv2%2Fproduct_brand&post=293"},{"taxonomy":"product_cat","embeddable":true,"href":"https:\/\/fotobraun.de\/index.php?rest_route=%2Fwp%2Fv2%2Fproduct_cat&post=293"},{"taxonomy":"product_tag","embeddable":true,"href":"https:\/\/fotobraun.de\/index.php?rest_route=%2Fwp%2Fv2%2Fproduct_tag&post=293"}],"curies":[{"name":"wp","href":"https:\/\/api.w.org\/{rel}","templated":true}]}}