{"id":658,"date":"2018-06-13T15:44:03","date_gmt":"2018-06-13T15:44:03","guid":{"rendered":"http:\/\/fotobraun.de\/?post_type=product&#038;p=658"},"modified":"2020-12-10T18:12:42","modified_gmt":"2020-12-10T18:12:42","slug":"zusaetzliche-aufnahmen-mit-einem-kind","status":"publish","type":"product","link":"https:\/\/fotobraun.de\/?product=zusaetzliche-aufnahmen-mit-einem-kind","title":{"rendered":"Zus\u00e4tzliche Aufnahmen mit einem Kind &#038; 2 Prints"},"content":{"rendered":"<p>Zus\u00e4tzliche Aufnahmen mit einem Kind.\u00a0Es wird eine Auswahl an Aufnahmen fotografiert, der Preis beinhaltet zwei Prints 15x20cm.<\/p>\n<p>Wenn Sie zusammen mit <strong>zwei Kinder<\/strong> fotografiert werden m\u00f6chten k\u00f6nnen Sie auch diese Option w\u00e4hlen sofern die Kinder zusammen auf die Bilder kommen. F\u00fcr unterschiedliche Gruppierungen mit jedem Kind einzeln wird ein Aufpreis von \u20ac 10,- zus\u00e4tzlich zum Preis dieser Option berechnet.<\/p>\n","protected":false},"excerpt":{"rendered":"<p>Zus\u00e4tzliche Aufnahmen mit einem Kind.\u00a0Es wird eine Auswahl an Aufnahmen fotografiert, der Preis beinhaltet zwei Prints 15x20cm. Wenn Sie zusammen [&hellip;]<\/p>\n","protected":false},"featured_media":659,"comment_status":"open","ping_status":"closed","template":"","meta":{"site-sidebar-layout":"default","site-content-layout":"","ast-site-content-layout":"","site-content-style":"default","site-sidebar-style":"default","ast-global-header-display":"","ast-banner-title-visibility":"","ast-main-header-display":"","ast-hfb-above-header-display":"","ast-hfb-below-header-display":"","ast-hfb-mobile-header-display":"","site-post-title":"","ast-breadcrumbs-content":"","ast-featured-img":"","footer-sml-layout":"","theme-transparent-header-meta":"","adv-header-id-meta":"","stick-header-meta":"","header-above-stick-meta":"","header-main-stick-meta":"","header-below-stick-meta":"","astra-migrate-meta-layouts":"default","ast-page-background-enabled":"default","ast-page-background-meta":{"desktop":{"background-color":"var(--ast-global-color-4)","background-image":"","background-repeat":"repeat","background-position":"center center","background-size":"auto","background-attachment":"scroll","background-type":"","background-media":"","overlay-type":"","overlay-color":"","overlay-opacity":"","overlay-gradient":""},"tablet":{"background-color":"","background-image":"","background-repeat":"repeat","background-position":"center center","background-size":"auto","background-attachment":"scroll","background-type":"","background-media":"","overlay-type":"","overlay-color":"","overlay-opacity":"","overlay-gradient":""},"mobile":{"background-color":"","background-image":"","background-repeat":"repeat","background-position":"center center","background-size":"auto","background-attachment":"scroll","background-type":"","background-media":"","overlay-type":"","overlay-color":"","overlay-opacity":"","overlay-gradient":""}},"ast-content-background-meta":{"desktop":{"background-color":"var(--ast-global-color-5)","background-image":"","background-repeat":"repeat","background-position":"center center","background-size":"auto","background-attachment":"scroll","background-type":"","background-media":"","overlay-type":"","overlay-color":"","overlay-opacity":"","overlay-gradient":""},"tablet":{"background-color":"var(--ast-global-color-5)","background-image":"","background-repeat":"repeat","background-position":"center center","background-size":"auto","background-attachment":"scroll","background-type":"","background-media":"","overlay-type":"","overlay-color":"","overlay-opacity":"","overlay-gradient":""},"mobile":{"background-color":"var(--ast-global-color-5)","background-image":"","background-repeat":"repeat","background-position":"center center","background-size":"auto","background-attachment":"scroll","background-type":"","background-media":"","overlay-type":"","overlay-color":"","overlay-opacity":"","overlay-gradient":""}}},"product_brand":[],"product_cat":[17],"product_tag":[],"class_list":{"0":"post-658","1":"product","2":"type-product","3":"status-publish","4":"has-post-thumbnail","6":"product_cat-zusatzoptionen-beim-shooting","7":"desktop-align-left","8":"tablet-align-left","9":"mobile-align-left","11":"first","12":"instock","13":"taxable","14":"shipping-taxable","15":"purchasable","16":"product-type-simple"},"_links":{"self":[{"href":"https:\/\/fotobraun.de\/index.php?rest_route=\/wp\/v2\/product\/658"}],"collection":[{"href":"https:\/\/fotobraun.de\/index.php?rest_route=\/wp\/v2\/product"}],"about":[{"href":"https:\/\/fotobraun.de\/index.php?rest_route=\/wp\/v2\/types\/product"}],"replies":[{"embeddable":true,"href":"https:\/\/fotobraun.de\/index.php?rest_route=%2Fwp%2Fv2%2Fcomments&post=658"}],"version-history":[{"count":1,"href":"https:\/\/fotobraun.de\/index.php?rest_route=\/wp\/v2\/product\/658\/revisions"}],"predecessor-version":[{"id":859,"href":"https:\/\/fotobraun.de\/index.php?rest_route=\/wp\/v2\/product\/658\/revisions\/859"}],"wp:featuredmedia":[{"embeddable":true,"href":"https:\/\/fotobraun.de\/index.php?rest_route=\/wp\/v2\/media\/659"}],"wp:attachment":[{"href":"https:\/\/fotobraun.de\/index.php?rest_route=%2Fwp%2Fv2%2Fmedia&parent=658"}],"wp:term":[{"taxonomy":"product_brand","embeddable":true,"href":"https:\/\/fotobraun.de\/index.php?rest_route=%2Fwp%2Fv2%2Fproduct_brand&post=658"},{"taxonomy":"product_cat","embeddable":true,"href":"https:\/\/fotobraun.de\/index.php?rest_route=%2Fwp%2Fv2%2Fproduct_cat&post=658"},{"taxonomy":"product_tag","embeddable":true,"href":"https:\/\/fotobraun.de\/index.php?rest_route=%2Fwp%2Fv2%2Fproduct_tag&post=658"}],"curies":[{"name":"wp","href":"https:\/\/api.w.org\/{rel}","templated":true}]}}