{"id":862,"date":"2018-12-07T19:32:29","date_gmt":"2018-12-07T19:32:29","guid":{"rendered":"https:\/\/fotobraun.de\/?post_type=product&#038;p=862"},"modified":"2024-05-01T21:28:04","modified_gmt":"2024-05-01T21:28:04","slug":"baby-kreativ","status":"publish","type":"product","link":"https:\/\/fotobraun.de\/?product=baby-kreativ","title":{"rendered":"Baby Kreativ"},"content":{"rendered":"<p>Das sch\u00f6nste auf der Welt ist umsonst und dennoch unbezahlbar!<\/p>\n<p><b>Das erste fotoshooting Ihres kleinen Schatzes.<\/b><\/p>\n<p>Der erste Brei , die ersten Worte , die ersten Schritte &#8230;. wie schnell doch die Zeit vergeht und die Kleinen aus dem sch\u00f6nstem Babyalter herausgewachsen sind.<\/p>\n<p>Halten Sie diese Zeit fest. Nichts ist sch\u00f6ner als diese Erinnerungen.<br \/>\nMachen Sie sich und Ihren Kindern f\u00fcr sp\u00e4ter eine Freude mit unbezahlbaren Augenblicken, festgehalten auf Fotos.<\/p>\n","protected":false},"excerpt":{"rendered":"<p>Gutschein f\u00fcr Shooting mit ca. 100 Aufnahmen, bis zu zwei Aufnahmeoptionen oder Outfits.<\/p>\n<p><a href=\"https:\/\/fotobraun.de\/?product_cat=zusatzoptionen-beim-shooting\">Weitere Zusatzoptionen zu deinem Shooting<\/a><\/p>\n<p>Terminvereinbarung\u00a0indem Sie auf<a href=\"https:\/\/fotobraun.de\/?page_id=237\"><strong> TERMINE DIREKT BUCHEN<\/strong><\/a> klicken oder bei uns anrufen.<br \/>\nSie k\u00f6nnen einen Termin zum Fotoshooting sofort vereinbaren oder auch sp\u00e4ter. Sie haben gen\u00fcgend Zeit zur Verf\u00fcgung denn dieser Gutschein verf\u00e4llt erst nach 2 Jahren.<\/p>\n<p>Der <b>Umtausch<\/b> <b>in ein anderes Fotoshooting<\/b> aus unserem Angebot ist jederzeit ohne zus\u00e4tzliche Geb\u00fchr m\u00f6glich.<br \/>\nWeitere Infos zum Ablauf Ihres Fotoshooting <a href=\"http:\/\/braunfoto.de\/?page_id=134\">Fragen &amp; Antworten FAQ<\/a><\/p>\n","protected":false},"featured_media":890,"comment_status":"open","ping_status":"closed","template":"","meta":{"site-sidebar-layout":"default","site-content-layout":"","ast-site-content-layout":"","site-content-style":"default","site-sidebar-style":"default","ast-global-header-display":"","ast-banner-title-visibility":"","ast-main-header-display":"","ast-hfb-above-header-display":"","ast-hfb-below-header-display":"","ast-hfb-mobile-header-display":"","site-post-title":"","ast-breadcrumbs-content":"","ast-featured-img":"","footer-sml-layout":"","theme-transparent-header-meta":"","adv-header-id-meta":"","stick-header-meta":"","header-above-stick-meta":"","header-main-stick-meta":"","header-below-stick-meta":"","astra-migrate-meta-layouts":"default","ast-page-background-enabled":"default","ast-page-background-meta":{"desktop":{"background-color":"var(--ast-global-color-4)","background-image":"","background-repeat":"repeat","background-position":"center center","background-size":"auto","background-attachment":"scroll","background-type":"","background-media":"","overlay-type":"","overlay-color":"","overlay-opacity":"","overlay-gradient":""},"tablet":{"background-color":"","background-image":"","background-repeat":"repeat","background-position":"center center","background-size":"auto","background-attachment":"scroll","background-type":"","background-media":"","overlay-type":"","overlay-color":"","overlay-opacity":"","overlay-gradient":""},"mobile":{"background-color":"","background-image":"","background-repeat":"repeat","background-position":"center center","background-size":"auto","background-attachment":"scroll","background-type":"","background-media":"","overlay-type":"","overlay-color":"","overlay-opacity":"","overlay-gradient":""}},"ast-content-background-meta":{"desktop":{"background-color":"var(--ast-global-color-5)","background-image":"","background-repeat":"repeat","background-position":"center center","background-size":"auto","background-attachment":"scroll","background-type":"","background-media":"","overlay-type":"","overlay-color":"","overlay-opacity":"","overlay-gradient":""},"tablet":{"background-color":"var(--ast-global-color-5)","background-image":"","background-repeat":"repeat","background-position":"center center","background-size":"auto","background-attachment":"scroll","background-type":"","background-media":"","overlay-type":"","overlay-color":"","overlay-opacity":"","overlay-gradient":""},"mobile":{"background-color":"var(--ast-global-color-5)","background-image":"","background-repeat":"repeat","background-position":"center center","background-size":"auto","background-attachment":"scroll","background-type":"","background-media":"","overlay-type":"","overlay-color":"","overlay-opacity":"","overlay-gradient":""}}},"product_brand":[],"product_cat":[47,16],"product_tag":[],"class_list":{"0":"post-862","1":"product","2":"type-product","3":"status-publish","4":"has-post-thumbnail","6":"product_cat-sonstige-shootings","7":"product_cat-fotoshootings","8":"product_shipping_class-versandpauschale","9":"desktop-align-left","10":"tablet-align-left","11":"mobile-align-left","13":"first","14":"instock","15":"taxable","16":"shipping-taxable","17":"purchasable","18":"product-type-simple"},"_links":{"self":[{"href":"https:\/\/fotobraun.de\/index.php?rest_route=\/wp\/v2\/product\/862"}],"collection":[{"href":"https:\/\/fotobraun.de\/index.php?rest_route=\/wp\/v2\/product"}],"about":[{"href":"https:\/\/fotobraun.de\/index.php?rest_route=\/wp\/v2\/types\/product"}],"replies":[{"embeddable":true,"href":"https:\/\/fotobraun.de\/index.php?rest_route=%2Fwp%2Fv2%2Fcomments&post=862"}],"version-history":[{"count":2,"href":"https:\/\/fotobraun.de\/index.php?rest_route=\/wp\/v2\/product\/862\/revisions"}],"predecessor-version":[{"id":1467,"href":"https:\/\/fotobraun.de\/index.php?rest_route=\/wp\/v2\/product\/862\/revisions\/1467"}],"wp:featuredmedia":[{"embeddable":true,"href":"https:\/\/fotobraun.de\/index.php?rest_route=\/wp\/v2\/media\/890"}],"wp:attachment":[{"href":"https:\/\/fotobraun.de\/index.php?rest_route=%2Fwp%2Fv2%2Fmedia&parent=862"}],"wp:term":[{"taxonomy":"product_brand","embeddable":true,"href":"https:\/\/fotobraun.de\/index.php?rest_route=%2Fwp%2Fv2%2Fproduct_brand&post=862"},{"taxonomy":"product_cat","embeddable":true,"href":"https:\/\/fotobraun.de\/index.php?rest_route=%2Fwp%2Fv2%2Fproduct_cat&post=862"},{"taxonomy":"product_tag","embeddable":true,"href":"https:\/\/fotobraun.de\/index.php?rest_route=%2Fwp%2Fv2%2Fproduct_tag&post=862"}],"curies":[{"name":"wp","href":"https:\/\/api.w.org\/{rel}","templated":true}]}}